{"id":698,"date":"2015-09-03T10:20:31","date_gmt":"2015-09-03T10:20:31","guid":{"rendered":"http:\/\/alphaares.com.mialias.net\/politica-de-cookies\/"},"modified":"2026-04-03T12:59:25","modified_gmt":"2026-04-03T10:59:25","slug":"politica-de-cookies","status":"publish","type":"page","link":"https:\/\/www.alphaares.com\/es\/politica-de-cookies\/","title":{"rendered":"Pol\u00edtica de cookies"},"content":{"rendered":"<div id=\"titularContenido\"><strong>Informaci\u00f3n General<\/strong><\/div>\n<div>\n<p>Utilizamos cookies para facilitar el uso de nuestra p\u00e1gina web.<\/p>\n<p>Las cookies nos permiten conocer mejor c\u00f3mo nuestros usuarios navegan a trav\u00e9s de nuestro sitio web y, de esta manera, poder ayudarles durante el proceso de navegaci\u00f3n mostr\u00e1ndoles la informaci\u00f3n de su inter\u00e9s.<\/p>\n<p>Las cookies que utilizamos no almacenan datos personales, conforme dispone la Ley Org\u00e1nica de Protecci\u00f3n de Datos, ni ning\u00fan tipo de informaci\u00f3n que pueda identificarte.<\/p>\n<p>Si no quiere recibir cookies, configure su navegador de internet para que las borre del disco duro de su ordenador, las bloquee o le avise en caso de que vayan a instalarse.<\/p>\n<p>Para continuar sin cambios en la configuraci\u00f3n de las cookies, simplemente siga navegando por la p\u00e1gina web.<\/p>\n<p><strong>\u00bfQu\u00e9 son las cookies?<\/strong><\/p>\n<p>Una cookie es un fichero que se descarga en su ordenador al acceder a determinadas p\u00e1ginas web.<\/p>\n<p>Las cookies permiten a una p\u00e1gina web, entre otras cosas, almacenar y recuperar informaci\u00f3n sobre los h\u00e1bitos de navegaci\u00f3n de un usuario o de su equipo y, dependiendo de la informaci\u00f3n que contengan y de la forma en que utilice su equipo, pueden utilizarse para reconocer al usuario.<\/p>\n<p><strong>\u00bfC\u00f3mo funcionan las Cookies?<\/strong><\/p>\n<p>Las cookies s\u00f3lo pueden almacenar texto. Por lo general siempre es an\u00f3nimo y cifrado.<\/p>\n<p>No se almacenar\u00e1 informaci\u00f3n personal alguna en una cookie.<\/p>\n<p>Las cookies no pueden asociarse a persona identificada o identificable.<\/p>\n<p><strong>\u00bfQu\u00e9 tipos de cookies utilizamos?<\/strong><\/p>\n<p>Las cookies que utiliza esta p\u00e1gina Web se pueden distinguir seg\u00fan los siguientes criterios:<\/p>\n<ol>\n<li><strong>Tipos de cookies seg\u00fan la entidad que las gestiona:<\/strong><br \/>\nSeg\u00fan quien sea la entidad que gestione el equipo o dominio desde donde se env\u00edan las cookies y trate los datos que se obtengan, podemos distinguir:<\/p>\n<ul>\n<li>Cookies propias: son aquellas que se env\u00edan al equipo terminal del usuario desde un equipo o dominio gestionado por el propio editor y desde el que se presta el servicio solicitado por el usuario.<\/li>\n<li>Cookies de tercero: son aquellas que se env\u00edan al equipo terminal del usuario desde un equipo o dominio que no es gestionado por el editor sino por otra entidad que trata los datos obtenidos a trav\u00e9s de las cookies.En el caso de que las cookies sean instaladas desde un equipo o dominio gestionado por el propio editor pero la informaci\u00f3n que se recoja mediante \u00e9stas sea gestionada por un tercero, no pueden ser consideradas como cookies propias.<\/li>\n<\/ul>\n<\/li>\n<li><strong>Tipos de cookies seg\u00fan el plazo de tiempo que permanecen activadas:<\/strong><br \/>\nSeg\u00fan el plazo de tiempo que permanecen activadas en el equipo terminal podemos distinguir:<\/p>\n<ul>\n<li>Cookies de sesi\u00f3n: son un tipo de cookies dise\u00f1adas para recabar y almacenar datos mientras el usuario accede a una p\u00e1gina web. Se suelen emplear para almacenar informaci\u00f3n que solo interesa conservar para la prestaci\u00f3n del servicio solicitado por el usuario en una sola ocasi\u00f3n (p.e. una lista de productos adquiridos).<\/li>\n<li>Cookies persistentes: son un tipo de cookies en el que los datos siguen almacenados en el terminal y pueden ser accedidos y tratados durante un periodo definido por el responsable de la cookie, y que puede ir de unos minutos a varios a\u00f1os.<\/li>\n<\/ul>\n<\/li>\n<li><strong>Tipos de cookies seg\u00fan su finalidad:<\/strong><br \/>\nSeg\u00fan la finalidad para la que se traten los datos obtenidos a trav\u00e9s de las cookies, podemos distinguir entre:<\/p>\n<ul>\n<li>Cookies t\u00e9cnicas : son aquellas que permiten al usuario la navegaci\u00f3n a trav\u00e9s de una p\u00e1gina web, plataforma o aplicaci\u00f3n y la utilizaci\u00f3n de las diferentes opciones o servicios que en ella existan como, por ejemplo, controlar el tr\u00e1fico y la comunicaci\u00f3n de datos, identificar la sesi\u00f3n, acceder a partes de acceso restringido, recordar los elementos que integran un pedido, realizar el proceso de compra de un pedido, realizar la solicitud de inscripci\u00f3n o participaci\u00f3n en un evento, utilizar elementos de seguridad durante la navegaci\u00f3n, almacenar contenidos para la difusi\u00f3n de videos o sonido o compartir contenidos a trav\u00e9s de redes sociales.<\/li>\n<li>Cookies de personalizaci\u00f3n: son aquellas que permiten al usuario acceder al servicio con algunas caracter\u00edsticas de car\u00e1cter general predefinidas en funci\u00f3n de una serie de criterios en el terminal del usuario como por ejemplo serian el idioma, el tipo de navegador a trav\u00e9s del cual accede al servicio, la configuraci\u00f3n regional desde donde accede al servicio, etc.<\/li>\n<li>Cookies de an\u00e1lisis: son aquellas que permiten al responsable de las mismas el seguimiento y an\u00e1lisis del comportamiento de los usuarios de los sitios web a los que est\u00e1n vinculadas. La informaci\u00f3n recogida mediante este tipo de cookies se utiliza en la medici\u00f3n de la actividad de los sitios web, aplicaci\u00f3n o plataforma y para la elaboraci\u00f3n de perfiles de navegaci\u00f3n de los usuarios de dichos sitios, aplicaciones y plataformas, con el fin de introducir mejoras en funci\u00f3n del an\u00e1lisis de los datos de uso que hacen los usuarios del servicio.<\/li>\n<li>Cookies publicitarias: son aquellas que permiten la gesti\u00f3n, de la forma m\u00e1s eficaz posible, de los espacios publicitarios que, en su caso, el editor haya incluido en una p\u00e1gina web, aplicaci\u00f3n o plataforma desde la que presta el servicio solicitado en base a criterios como el contenido editado o la frecuencia en la que se muestran los anuncios.<\/li>\n<li>Cookies de publicidad comportamental: son aquellas que permiten la gesti\u00f3n, de la forma m\u00e1s eficaz posible, de los espacios publicitarios que, en su caso, el editor haya incluido en una p\u00e1gina web, aplicaci\u00f3n o plataforma desde la que presta el servicio solicitado. Estas cookies almacenan informaci\u00f3n del comportamiento de los usuarios obtenida a trav\u00e9s de la observaci\u00f3n continuada de sus h\u00e1bitos de navegaci\u00f3n, lo que permite desarrollar un perfil espec\u00edfico para mostrar publicidad en funci\u00f3n del mismo.<\/li>\n<\/ul>\n<\/li>\n<\/ol>\n<p><strong>Herramienta de Gesti\u00f3n de las Cookies<\/strong><\/p>\n<p>Est\u00e1 p\u00e1gina Web utiliza Google Analytics.<\/p>\n<p>Google Analytics es una herramienta gratuita de an\u00e1lisis web de Google que principalmente permite que los propietarios de sitios web conozcan c\u00f3mo interact\u00faan los usuarios con su sitio web. Asimismo, habilita cookies en el dominio del sitio en el que te encuentras y utiliza un conjunto de cookies\u00a0denominadas \u201c__utma\u201d y \u201c__utmz\u201d para recopilar informaci\u00f3n de forma an\u00f3nima y elaborar informes de tendencias de sitios web sin identificar a usuarios individuales.<\/p>\n<p>Para realizar las estad\u00edsticas de uso de esta Web utilizamos las cookies con la finalidad de conocer el nivel de recurrencia de nuestros visitantes y los contenidos que resultan m\u00e1s interesantes.<\/p>\n<p>De esta manera podemos concentrar nuestros esfuerzos en mejorar las \u00e1reas m\u00e1s visitadas y hacer que el usuario encuentre m\u00e1s f\u00e1cilmente lo que busca.<\/p>\n<p>En esta Web puede utilizarse la informaci\u00f3n de su visita para realizar evaluaciones y c\u00e1lculos estad\u00edsticos sobre datos an\u00f3nimos, as\u00ed como para garantizar la continuidad del servicio o para realizar mejoras en sus sitios Web.<\/p>\n<p>Para m\u00e1s detalles, consulte en el siguiente enlace la pol\u00edtica de privacidad [<a title=\"http:\/\/www.google.com\/intl\/es\/policies\/privacy\/\" href=\"http:\/\/www.google.com\/intl\/es\/policies\/privacy\/\">http:\/\/www.google.com\/intl\/es\/policies\/privacy\/<\/a>]<\/p>\n<p><strong>C\u00f3mo gestionar las Cookies en su equipo: la desactivaci\u00f3n y eliminaci\u00f3n de las cookies<\/strong><\/p>\n<p>Todos los navegadores de Internet le permiten limitar el comportamiento de una cookie o desactivar las cookies dentro de la configuraci\u00f3n o las opciones del navegador.<\/p>\n<p>Los pasos para hacerlo son diferentes para cada navegador. Se pueden encontrar instrucciones en el men\u00fa de ayuda de su navegador.<br \/>\nSi no acepta el uso de las cookies, ya que es posible rechazarlas por medio de los men\u00fas de preferencias o ajustes de su navegador, este sitio Web seguir\u00e1 funcionando adecuadamente sin el uso de las mismas.<\/p>\n<p>Puede permitir, bloquear o eliminar las cookies instaladas en su equipo mediante la configuraci\u00f3n de las opciones del navegador instalado en su ordenador:<\/p>\n<ul>\n<li>Para m\u00e1s informaci\u00f3n sobre Internet Explorer\u00a0<a href=\"http:\/\/windows.microsoft.com\/es-ES\/windows-vista\/Block-or-allow-cookies\">pulse aqu\u00ed<\/a>.<\/li>\n<li>Para m\u00e1s informaci\u00f3n sobre Chrome\u00a0<a href=\"https:\/\/support.google.com\/chrome\/answer\/95647?hl=es&amp;hlrm=en\">pulse aqu\u00ed<\/a>.<\/li>\n<li>Para m\u00e1s informaci\u00f3n sobre Safari\u00a0<a href=\"http:\/\/support.apple.com\/kb\/HT1677?viewlocale=es_ES\">pulse aqu\u00ed<\/a>.<\/li>\n<li>Para m\u00e1s informaci\u00f3n sobre Firefox\u00a0<a href=\"http:\/\/support.mozilla.org\/es\/kb\/cookies-informacion-que-los-sitios-web-guardan-en-?redirectlocale=en-US&amp;redirectslug=Cookies\">pulse aqu\u00ed<\/a>.<\/li>\n<\/ul>\n<p>A trav\u00e9s de su navegador puede ver las cookies que est\u00e1n en su ordenador y borrarlas seg\u00fan crea conveniente.<br \/>\nLas cookies son archivos de texto; puede abrirlos y leer el contenido. Los datos dentro de ellos casi siempre est\u00e1n cifrados con una clave num\u00e9rica que corresponde a una sesi\u00f3n en Internet.<\/p>\n<p><strong>Consentimiento informado<\/strong><\/p>\n<p>La utilizaci\u00f3n de la presente p\u00e1gina Web por su parte, implica que presta su consentimiento expreso e inequ\u00edvoco a la utilizaci\u00f3n de cookies, en los t\u00e9rminos y condiciones previstos en esta Pol\u00edtica de Cookies, sin perjuicio de las medidas de desactivaci\u00f3n y eliminaci\u00f3n de las cookies que pueda adoptar y que se mencionan en el apartado anterior.<\/p>\n<\/div>\n","protected":false},"excerpt":{"rendered":"<p>Informaci\u00f3n General Utilizamos cookies para facilitar el uso de nuestra p\u00e1gina web. Las cookies nos permiten conocer mejor c\u00f3mo nuestros usuarios navegan a trav\u00e9s de nuestro sitio web y, de [&hellip;]<\/p>\n","protected":false},"author":3,"featured_media":0,"parent":0,"menu_order":0,"comment_status":"closed","ping_status":"closed","template":"","meta":{"_acf_changed":false,"_et_pb_use_builder":"","_et_pb_old_content":"","_et_gb_content_width":"","footnotes":""},"class_list":["post-698","page","type-page","status-publish","hentry"],"acf":[],"yoast_head":"<!-- This site is optimized with the Yoast SEO plugin v27.5 - https:\/\/yoast.com\/product\/yoast-seo-wordpress\/ -->\n<title>Pol\u00edtica de cookies - Alpha Ares<\/title>\n<meta name=\"robots\" content=\"index, follow, max-snippet:-1, max-image-preview:large, max-video-preview:-1\" \/>\n<link rel=\"canonical\" href=\"https:\/\/www.alphaares.com\/es\/politica-de-cookies\/\" \/>\n<meta property=\"og:locale\" content=\"es_ES\" \/>\n<meta property=\"og:type\" content=\"article\" \/>\n<meta property=\"og:title\" content=\"Pol\u00edtica de cookies - Alpha Ares\" \/>\n<meta property=\"og:description\" content=\"Informaci\u00f3n General Utilizamos cookies para facilitar el uso de nuestra p\u00e1gina web. Las cookies nos permiten conocer mejor c\u00f3mo nuestros usuarios navegan a trav\u00e9s de nuestro sitio web y, de [&hellip;]\" \/>\n<meta property=\"og:url\" content=\"https:\/\/www.alphaares.com\/es\/politica-de-cookies\/\" \/>\n<meta property=\"og:site_name\" content=\"Alpha Ares\" \/>\n<meta property=\"article:modified_time\" content=\"2026-04-03T10:59:25+00:00\" \/>\n<meta name=\"twitter:card\" content=\"summary_large_image\" \/>\n<meta name=\"twitter:label1\" content=\"Tiempo de lectura\" \/>\n\t<meta name=\"twitter:data1\" content=\"8 minutos\" \/>\n<script type=\"application\/ld+json\" class=\"yoast-schema-graph\">{\"@context\":\"https:\\\/\\\/schema.org\",\"@graph\":[{\"@type\":\"WebPage\",\"@id\":\"https:\\\/\\\/www.alphaares.com\\\/es\\\/politica-de-cookies\\\/\",\"url\":\"https:\\\/\\\/www.alphaares.com\\\/es\\\/politica-de-cookies\\\/\",\"name\":\"Pol\u00edtica de cookies - Alpha Ares\",\"isPartOf\":{\"@id\":\"https:\\\/\\\/www.alphaares.com\\\/es\\\/#website\"},\"datePublished\":\"2015-09-03T10:20:31+00:00\",\"dateModified\":\"2026-04-03T10:59:25+00:00\",\"breadcrumb\":{\"@id\":\"https:\\\/\\\/www.alphaares.com\\\/es\\\/politica-de-cookies\\\/#breadcrumb\"},\"inLanguage\":\"es\",\"potentialAction\":[{\"@type\":\"ReadAction\",\"target\":[\"https:\\\/\\\/www.alphaares.com\\\/es\\\/politica-de-cookies\\\/\"]}]},{\"@type\":\"BreadcrumbList\",\"@id\":\"https:\\\/\\\/www.alphaares.com\\\/es\\\/politica-de-cookies\\\/#breadcrumb\",\"itemListElement\":[{\"@type\":\"ListItem\",\"position\":1,\"name\":\"Portada\",\"item\":\"https:\\\/\\\/www.alphaares.com\\\/\"},{\"@type\":\"ListItem\",\"position\":2,\"name\":\"Pol\u00edtica de cookies\"}]},{\"@type\":\"WebSite\",\"@id\":\"https:\\\/\\\/www.alphaares.com\\\/es\\\/#website\",\"url\":\"https:\\\/\\\/www.alphaares.com\\\/es\\\/\",\"name\":\"Alpha Ares\",\"description\":\"\u00a0\",\"potentialAction\":[{\"@type\":\"SearchAction\",\"target\":{\"@type\":\"EntryPoint\",\"urlTemplate\":\"https:\\\/\\\/www.alphaares.com\\\/es\\\/?s={search_term_string}\"},\"query-input\":{\"@type\":\"PropertyValueSpecification\",\"valueRequired\":true,\"valueName\":\"search_term_string\"}}],\"inLanguage\":\"es\"}]}<\/script>\n<!-- \/ Yoast SEO plugin. -->","yoast_head_json":{"title":"Pol\u00edtica de cookies - Alpha Ares","robots":{"index":"index","follow":"follow","max-snippet":"max-snippet:-1","max-image-preview":"max-image-preview:large","max-video-preview":"max-video-preview:-1"},"canonical":"https:\/\/www.alphaares.com\/es\/politica-de-cookies\/","og_locale":"es_ES","og_type":"article","og_title":"Pol\u00edtica de cookies - Alpha Ares","og_description":"Informaci\u00f3n General Utilizamos cookies para facilitar el uso de nuestra p\u00e1gina web. Las cookies nos permiten conocer mejor c\u00f3mo nuestros usuarios navegan a trav\u00e9s de nuestro sitio web y, de [&hellip;]","og_url":"https:\/\/www.alphaares.com\/es\/politica-de-cookies\/","og_site_name":"Alpha Ares","article_modified_time":"2026-04-03T10:59:25+00:00","twitter_card":"summary_large_image","twitter_misc":{"Tiempo de lectura":"8 minutos"},"schema":{"@context":"https:\/\/schema.org","@graph":[{"@type":"WebPage","@id":"https:\/\/www.alphaares.com\/es\/politica-de-cookies\/","url":"https:\/\/www.alphaares.com\/es\/politica-de-cookies\/","name":"Pol\u00edtica de cookies - Alpha Ares","isPartOf":{"@id":"https:\/\/www.alphaares.com\/es\/#website"},"datePublished":"2015-09-03T10:20:31+00:00","dateModified":"2026-04-03T10:59:25+00:00","breadcrumb":{"@id":"https:\/\/www.alphaares.com\/es\/politica-de-cookies\/#breadcrumb"},"inLanguage":"es","potentialAction":[{"@type":"ReadAction","target":["https:\/\/www.alphaares.com\/es\/politica-de-cookies\/"]}]},{"@type":"BreadcrumbList","@id":"https:\/\/www.alphaares.com\/es\/politica-de-cookies\/#breadcrumb","itemListElement":[{"@type":"ListItem","position":1,"name":"Portada","item":"https:\/\/www.alphaares.com\/"},{"@type":"ListItem","position":2,"name":"Pol\u00edtica de cookies"}]},{"@type":"WebSite","@id":"https:\/\/www.alphaares.com\/es\/#website","url":"https:\/\/www.alphaares.com\/es\/","name":"Alpha Ares","description":"\u00a0","potentialAction":[{"@type":"SearchAction","target":{"@type":"EntryPoint","urlTemplate":"https:\/\/www.alphaares.com\/es\/?s={search_term_string}"},"query-input":{"@type":"PropertyValueSpecification","valueRequired":true,"valueName":"search_term_string"}}],"inLanguage":"es"}]}},"_links":{"self":[{"href":"https:\/\/www.alphaares.com\/es\/wp-json\/wp\/v2\/pages\/698","targetHints":{"allow":["GET"]}}],"collection":[{"href":"https:\/\/www.alphaares.com\/es\/wp-json\/wp\/v2\/pages"}],"about":[{"href":"https:\/\/www.alphaares.com\/es\/wp-json\/wp\/v2\/types\/page"}],"author":[{"embeddable":true,"href":"https:\/\/www.alphaares.com\/es\/wp-json\/wp\/v2\/users\/3"}],"replies":[{"embeddable":true,"href":"https:\/\/www.alphaares.com\/es\/wp-json\/wp\/v2\/comments?post=698"}],"version-history":[{"count":2,"href":"https:\/\/www.alphaares.com\/es\/wp-json\/wp\/v2\/pages\/698\/revisions"}],"predecessor-version":[{"id":11206,"href":"https:\/\/www.alphaares.com\/es\/wp-json\/wp\/v2\/pages\/698\/revisions\/11206"}],"wp:attachment":[{"href":"https:\/\/www.alphaares.com\/es\/wp-json\/wp\/v2\/media?parent=698"}],"curies":[{"name":"wp","href":"https:\/\/api.w.org\/{rel}","templated":true}]}}