{"id":42,"date":"2015-06-24T18:57:00","date_gmt":"2015-06-24T18:57:00","guid":{"rendered":"http:\/\/alphaares.com.mialias.net\/?page_id=42"},"modified":"2018-04-11T12:02:36","modified_gmt":"2018-04-11T10:02:36","slug":"enlaces","status":"publish","type":"page","link":"https:\/\/www.alphaares.com\/es\/enlaces\/","title":{"rendered":"Enlaces"},"content":{"rendered":"<p>[et_pb_section admin_label=\u00bbsection\u00bb fullwidth=\u00bbon\u00bb specialty=\u00bboff\u00bb][et_pb_fullwidth_header admin_label=\u00bbT\u00edtulo de anchura completa\u00bb title=\u00bbEnlaces\u00bb background_layout=\u00bblight\u00bb text_orientation=\u00bbcenter\u00bb header_fullscreen=\u00bboff\u00bb header_scroll_down=\u00bboff\u00bb background_color=\u00bb#e8e8e8&#8243; parallax=\u00bboff\u00bb parallax_method=\u00bboff\u00bb content_orientation=\u00bbcenter\u00bb image_orientation=\u00bbcenter\u00bb custom_button_one=\u00bboff\u00bb button_one_letter_spacing=\u00bb0&#8243; button_one_use_icon=\u00bbdefault\u00bb button_one_icon_placement=\u00bbright\u00bb button_one_on_hover=\u00bbon\u00bb button_one_letter_spacing_hover=\u00bb0&#8243; custom_button_two=\u00bboff\u00bb button_two_letter_spacing=\u00bb0&#8243; button_two_use_icon=\u00bbdefault\u00bb button_two_icon_placement=\u00bbright\u00bb button_two_on_hover=\u00bbon\u00bb button_two_letter_spacing_hover=\u00bb0&#8243;]<\/p>\n<p>&nbsp;<\/p>\n<p>[\/et_pb_fullwidth_header][\/et_pb_section][et_pb_section admin_label=\u00bbsection\u00bb][et_pb_row admin_label=\u00bbrow\u00bb][et_pb_column type=\u00bb4_4&#8243;][et_pb_accordion admin_label=\u00bbAcorde\u00f3n\u00bb use_border_color=\u00bboff\u00bb border_color=\u00bb#ffffff\u00bb border_style=\u00bbsolid\u00bb body_line_height=\u00bb2em\u00bb] [et_pb_accordion_item title=\u00bbMEDIOS ESPECIALIZADOS\u00bb]<\/p>\n<p>&nbsp;<\/p>\n<p>&nbsp;<\/p>\n<p><a href=\"https:\/\/fubarpodcast.wordpress.com\/\">FUBAR Podcast<\/a><\/p>\n<p><a href=\"http:\/\/turnocu4tro.blogspot.com.es\/\">Turno Cu4tro podcast<\/a><\/p>\n<p><a href=\"https:\/\/www.wargamereviewer.es\/\">Wargame reviewer<\/a><\/p>\n<p>[\/et_pb_accordion_item][et_pb_accordion_item title=\u00bbWARGAMES &#8211; TABLERO\u00bb]<\/p>\n<p>&nbsp;<\/p>\n<p><a class=\"category\" href=\"http:\/\/printandplay.games\/\" target=\"_blank\" rel=\"noopener\">PrintandPlay games<\/a><br \/>\nP\u00e1gina de Ignacio Torres, Nacho, miembro del club Alpha Ares i disenyador de juegos. Ha publicado aqu\u00ed el que es de momento su Magna Opus: <a href=\"http:\/\/printandplay.games\/ultima-ratio-regis\/\" target=\"_blank\" rel=\"noopener\">Ultima Ratio Regis<\/a>, un juego de estrat\u00e9gia de la edad moderna.<\/p>\n<p><a class=\"category\" href=\"http:\/\/www.belliludi.com\/portada.html\" target=\"_blank\" rel=\"noopener\">Belli Ludi<\/a><\/p>\n<p>P\u00e1gina del Carlos\u00a0A. P\u00e9rez (antiguo socio del club Alpha Ares) historiador y wargamer de pro. Una p\u00e1gina muy interesante, con art\u00edculos de profundidad.<\/p>\n<p><a class=\"category\" href=\"http:\/\/www.wargames.cat\/\" target=\"_blank\" rel=\"noopener\">The Catalan Wargames Resource<\/a><br \/>\nMuy buena p\u00e1gina actualizada con noticias con noticias frescas. En catal\u00e1n y en ingl\u00e9s.<\/p>\n<p><a class=\"category\" href=\"http:\/\/www.consimworld.com\/\" target=\"_blank\" rel=\"noopener\">ConsimWorld<\/a><br \/>\nIMPRESCINDIBLE. Un foro enorme sobre todos los juegos de estrategia, donde participan los aficionados y los dise\u00f1adores. Ir a &#8216;<em>Discussion Board<\/em>&#8216;<\/p>\n<p><a class=\"category\" href=\"http:\/\/www.gamersarchive.net\/theGamers\/archive\/\" target=\"_blank\" rel=\"noopener\">The Gamers Archive<\/a><br \/>\nTodas las reglas y fe de erratas de los juegos de\u00a0The Gamers<\/p>\n<p><a href=\"http:\/\/www.librosywargames.com\" target=\"_blank\" rel=\"noopener\">Libros y Wargames<\/a><\/p>\n<p>Art\u00edculos hist\u00f3ricos in\u00e9ditos (no publicados en Alea o en otras revistas del \u00e1mbito de la simulaci\u00f3n de conflictos), escenarios, rese\u00f1as de juegos, libros, wargames, mini wargames y cualquier cosa que tenga algo que ver con los wargames y la historia militar, adem\u00e1s de comprar\/vender\/cambiar wargames, libros o pel\u00edculas de historia militar.<\/p>\n<p><a class=\"category\" href=\"http:\/\/www.ludic.net\/\" target=\"_blank\" rel=\"noopener\">Ludic.net<\/a><\/p>\n<p>P\u00e1gina donde encontrar\u00e1s informaci\u00f3n, fe de erratas y muestras de los juegos publicados por\u00a0Ludic, entre ellos BlitzWar, Una de las mejores simulaciones estrat\u00e9gicas de la\u00a0II Guerra Mundial.<\/p>\n<p><a class=\"category\" href=\"http:\/\/www.wargamer.com\/\" target=\"_blank\" rel=\"noopener\">The Wargamer<\/a><br \/>\nExcelente p\u00e1gina de juegos de estrategia para ordenador y tambi\u00e9n de mesa. Iros al menu, Articles\/Board Games Reviews.<\/p>\n<p><a class=\"category\" href=\"http:\/\/grognard.com\/\" target=\"_blank\" rel=\"noopener\">Web-Grognards<\/a><br \/>\nUn mont\u00f3n de recursos sobre todos los juegos de estrategia<\/p>\n<p><a class=\"category\" href=\"http:\/\/www.blogsome.com\/\" target=\"_blank\" rel=\"noopener\">Zona de Control<\/a><\/p>\n<p>Muy buena p\u00e1gina de wargames. Tiene noticias, revisi\u00f3n de juegos y eventos.<\/p>\n<p>&nbsp;<\/p>\n<p>&nbsp;<\/p>\n<p>[\/et_pb_accordion_item][et_pb_accordion_item title=\u00bbWARGAMES &#8211; FIGURAS\u00bb]<\/p>\n<p>&nbsp;<\/p>\n<p>&nbsp;<\/p>\n<p><a href=\"http:\/\/www.1898miniaturas.es\" target=\"_blank\" rel=\"noopener\">1898 Miniaturas<\/a><\/p>\n<p>Miniaturas de 28mm de las guerras\u00a0de Cuba y Filipinas para coleccionistas y wargamers.<\/p>\n<p><a href=\"http:\/\/claudiazuminich.wix.com\/claudiazuminich\" target=\"_blank\" rel=\"noopener\">Claudia Zuminich<\/a><\/p>\n<p>Galer\u00edas\u00a0de figuras pintadas, v\u00eddeos y tutoriales de esta estupenda pintora.<\/p>\n<p><a href=\"http:\/\/fowtarna.blogspot.com.es\/\" target=\"_blank\" rel=\"noopener\">FOWTARNA<\/a><\/p>\n<p>Club de amigos\u00a0Flames of War Tarragona<\/p>\n<p><a href=\"https:\/\/fubarpodcast.wordpress.com\" target=\"_blank\" rel=\"noopener\">FUBAR PODCAST<\/a><\/p>\n<p>Podcasts dedicados al wargames de miniaturas<\/p>\n<p><a href=\"http:\/\/www.heresybrush.com\" target=\"_blank\" rel=\"noopener\">Heresy Brush<\/a><\/p>\n<p>P\u00e1gina web de pintura de figuras y veh\u00edculos de Rub\u00e9n Torregrosa.<\/p>\n<p><a href=\"http:\/\/www.hindsfiguresltd.com\/\" target=\"_blank\" rel=\"noopener\">Hinds Figures Ltd<\/a><\/p>\n<p>Especialista en comprar y vender figuras de muchas \u00e9pocas.<\/p>\n<p><a href=\"http:\/\/www.minairons.eu\/es\/\" target=\"_blank\" rel=\"noopener\">Minairons<\/a><\/p>\n<p>Esta iniciativa emprendedora se puso en marcha formalmente en septiembre de 2012 con la vocaci\u00f3n de abordar la producci\u00f3n multiescala de miniaturas de calidad y montaje f\u00e1cil, para juegos de estrategia y coleccionismo; generalmente de pl\u00e1stico, pero tambi\u00e9n de resina.<\/p>\n<p><a href=\"http:\/\/miniaturasmilitaresalfonscanovas.blogspot.com.es\" target=\"_blank\" rel=\"noopener\">Miniaturas Militares por Anfons C\u00e0novas<\/a><\/p>\n<p>Blog sobre miniaturas militares, wargame, pintura, modelismo e historia de la afici\u00f3n en Catalu\u00f1a.<\/p>\n<p><a href=\"http:\/\/www.nimix.net\" target=\"_blank\" rel=\"noopener\">Nimix<\/a><\/p>\n<p>Fabricante de figuras y maquetas. Web muy completa.<\/p>\n<p><a href=\"http:\/\/panzerfarben.blogspot.com.es\" target=\"_blank\" rel=\"noopener\">Panzerfarben<\/a><\/p>\n<p>Blog de maquetismo y pintura de veh\u00edculos y carros de combate del insigne Carlos Vicente.<\/p>\n<p><a href=\"http:\/\/www.panzernet.com\/foro4\/forum.php\" target=\"_blank\" rel=\"noopener\">Panzernet<\/a><\/p>\n<p>Web de modelismo, principalmente de la II Guerra Mundial. Foros interesantes, articulos, ayuda y concursos. Muy interesante.<\/p>\n<p><a href=\"http:\/\/elpincelylaespada.blogspot.com.es\/\" target=\"_blank\" rel=\"noopener\">El Pincel y la Espada<\/a><br \/>\nServicio de pintura de miniaturas. Los miembros del club Alpha Ares tienen un descuento en sus servicios.<\/p>\n<p><a href=\"http:\/\/wargameselbolchevique.blogspot.com.es\" target=\"_blank\" rel=\"noopener\">Wargames El Bolchevique<\/a><\/p>\n<p>Campos de batalla,miniaturas de 15mm y de 6mm, escenograf\u00eda, miniaturas de plomo, uniformes, historia militar, batallas, battlefield, Flames of War, Pendraken 10mm, Adler 6mm, Command Decision y pintura con todo lujo de detalles.<\/p>\n<p><a href=\"http:\/\/www.wargames-spain.com\/\" target=\"_blank\" rel=\"noopener\">Wargames Spain<\/a><\/p>\n<p>Comunidad de jugadores de wargames, principalmente de figuras Flames of War y otras.<\/p>\n<p>[\/et_pb_accordion_item][et_pb_accordion_item title=\u00bbHISTORIA MILITAR\u00bb]<\/p>\n<p><a class=\"category\" href=\"http:\/\/11setembre1714.org\/index2.html\" target=\"_blank\" rel=\"noopener\">11 Setembre 1714<\/a><br \/>\nInformaci\u00f3n sobre unidades militares y armamento del 1714 y la Guerra de Sucesi\u00f3n.<\/p>\n<p><a href=\"http:\/\/forum.axishistory.com\/index.php\" target=\"_blank\" rel=\"noopener\">Axis History Forum<\/a><br \/>\nForo\u00a0de la II Guerra Mundial\u00a0en ingl\u00e9s\u00a0sobre\u00a0las potencias del Eje.<\/p>\n<p><a href=\"http:\/\/www.despertaferro-ediciones.com\" target=\"_blank\" rel=\"noopener\">Desperta Ferro Ediciones<\/a><\/p>\n<p>Editorial de revistas y libros de historia militar.<\/p>\n<p><a class=\"category\" href=\"http:\/\/www.laespadaylapluma.com\/\" target=\"_blank\" rel=\"noopener\">La espada y la pluma<\/a><br \/>\nEditorial especializada en la Historia Militar de Espa\u00f1a y Am\u00e9rica Latina.<\/p>\n<p><a class=\"category\" href=\"http:\/\/www.feldgrau.com\/\" target=\"_blank\" rel=\"noopener\">Feldgrau<\/a><\/p>\n<p>Historia y campa\u00f1as de las fuerzas armadas germanas y sus aliados, 1918-1945.<\/p>\n<p><a class=\"category\" href=\"http:\/\/www.forosegundaguerra.com\/\" target=\"_blank\" rel=\"noopener\">Foro Segunda Guerra Mundial<\/a><\/p>\n<p>Foro en castellano sobre II\u00a0Guerra Mundial.<\/p>\n<p><a class=\"category\" href=\"http:\/\/polemos.org\/\" target=\"_blank\" rel=\"noopener\">Polemos<\/a><br \/>\nPortal especializado en la difusi\u00f3n de los estudios sobre campos de batalla y otros tipos de patrimonio b\u00e9lico.<\/p>\n<p><a class=\"category\" href=\"http:\/\/www.armchairgeneral.com\/rkkaww2\/\" target=\"_blank\" rel=\"noopener\">RKKA in World War II<\/a><br \/>\nEj\u00e9rcito Rojo en la II\u00a0Guerra Mundial.<\/p>\n<p><a class=\"category\" href=\"http:\/\/www.battlefield.ru\/index.php?lang=en\" target=\"_blank\" rel=\"noopener\">The Russian Battlefield<\/a><br \/>\nHistoria militar del ej\u00e9rcito sovi\u00e9tico en la\u00a0II Guerra Mundial. Destaca la secci\u00f3n de libros\u00a0de David M. Glantz.<\/p>\n<p>[\/et_pb_accordion_item][et_pb_accordion_item title=\u00bbCLUBS\u00bb]<\/p>\n<p>CATALU\u00d1A<\/p>\n<p><a class=\"category\" href=\"http:\/\/awo.shorturl.com\/\" target=\"_blank\" rel=\"noopener\">Agrupaci\u00f3 Warhammer Osona<\/a><\/p>\n<p><a href=\"http:\/\/ajjrr-culturaderol.blogspot.com.es\" target=\"_blank\" rel=\"noopener\">Club AJJRR<\/a><\/p>\n<p><a href=\"http:\/\/www.clubkritik.blogspot.com.es\" target=\"_blank\" rel=\"noopener\">Club\u00a0Kritik<\/a><\/p>\n<p><a href=\"http:\/\/rubicon-lh.blogspot.com.es\" target=\"_blank\" rel=\"noopener\">Rvbicon<\/a><\/p>\n<p><a href=\"http:\/\/tirantlodau.foroactivo.com\" target=\"_blank\" rel=\"noopener\">Tirant lo Dau<\/a><\/p>\n<p>ANDALUC\u00cdA<\/p>\n<p><a href=\"http:\/\/clublandwehr.blogspot.com.es\" target=\"_blank\" rel=\"noopener\">Club Landwehr<\/a><\/p>\n<p><a href=\"http:\/\/www.clubcomandante.com\" target=\"_blank\" rel=\"noopener\">Club Comandante<\/a><\/p>\n<p>ISLAS BALEARES<\/p>\n<p><a href=\"http:\/\/despertaferro.superforo.net\/forum\" target=\"_blank\" rel=\"noopener\">Desperta Ferro<\/a><\/p>\n<p>MADRID<\/p>\n<p><a href=\"http:\/\/www.freewebs.com\/amswargames\/\" target=\"_blank\" rel=\"noopener\">AMS<\/a><\/p>\n<p><a href=\"http:\/\/clubdragon.com\" target=\"_blank\" rel=\"noopener\">Club Drag\u00f3n<\/a><\/p>\n<p><a href=\"https:\/\/mecatolrex.wordpress.com\/\">Mecatol Rex<\/a><\/p>\n<p><a class=\"category\" href=\"http:\/\/ultimotercio.webcindario.com\" target=\"_blank\" rel=\"noopener\">El \u00daltimo Tercio<\/a><\/p>\n<p>PORTUGAL<\/p>\n<p><a class=\"category\" href=\"http:\/\/www.ajsportugal.org\/\" target=\"_blank\" rel=\"noopener\">Associa\u00e7ao de Jogos de Simula\u00e7ao de Portugal<\/a><\/p>\n<p>INTERNACIONAL<\/p>\n<p><a class=\"category\" href=\"http:\/\/internationalwargamesfederation.freeservers.com\/IWFcontents.htm\" target=\"_blank\" rel=\"noopener\">International Wargames Federation<\/a><\/p>\n<p>[\/et_pb_accordion_item][et_pb_accordion_item title=\u00bbASL LINKS\u00bb]<\/p>\n<p><a class=\"category\" href=\"http:\/\/www.asl-spain.net\/\" target=\"_blank\" rel=\"noopener\">ASL-Spain<\/a><br \/>\nTambi\u00e9n conocida como la web del Santi. Punto de contacto de la comunidad hispana de jugadores ASL.<\/p>\n<p><a class=\"category\" href=\"http:\/\/www.asl-area.org\/\" target=\"_blank\" rel=\"noopener\">AREA Europea<\/a><br \/>\nEl ranking europeo de jugadores ASL.<\/p>\n<p><a class=\"category\" href=\"http:\/\/www.aslscenarioarchive.com\/\" target=\"_blank\" rel=\"noopener\">Archivo de Escenarios<\/a><br \/>\nCompleto archivo de escenarios para hacer busquedas sofisticadas. Permite seleccionar rango de fecha, bandos, n\u00famero de squads, teatro de operaciones, publicaci\u00f3n, etc. No est\u00e1 la descripci\u00f3n del escenario.<\/p>\n<p><a class=\"category\" href=\"http:\/\/www.wwiivehicles.com\/ASL\/default.asp\" target=\"_blank\" rel=\"noopener\">ASL Information<\/a><br \/>\nTablas, listas de unidades y utilidades para hacer escenarios DYO (con compras).<\/p>\n<p>[\/et_pb_accordion_item][et_pb_accordion_item title=\u00bbDBM\u00bb]<\/p>\n<p><a class=\"category\" href=\"http:\/\/www.bhgs.org.uk\/\" target=\"_blank\" rel=\"noopener\">British Historical Games Society<\/a><br \/>\nLa principal fuente de informaci\u00f3n y clarificaciones de reglas para DBM en UK<\/p>\n<p><a class=\"category\" href=\"http:\/\/home.alphalink.com.au\/~nwa\/dbx\/index.html\" target=\"_blank\" rel=\"noopener\">Nonawading Wargames Association<\/a><\/p>\n<p><a class=\"category\" href=\"http:\/\/www.bhgs.org.uk\/\" target=\"_blank\" rel=\"noopener\">British Historical Gaming Society<\/a><\/p>\n<p><a class=\"category\" href=\"http:\/\/www.campaign-game-miniatures.com\/\" target=\"_blank\" rel=\"noopener\">Campaign Game Miniatures<\/a><\/p>\n<p><a class=\"category\" href=\"http:\/\/www.pearsonag.freeserve.co.uk\/wargame.htm\" target=\"_blank\" rel=\"noopener\">Gavin&#8217;s Wargaming Section<\/a><\/p>\n<p><a class=\"category\" href=\"http:\/\/perso.club-internet.fr\/gustave\/index.html\" target=\"_blank\" rel=\"noopener\">L&#8217;art de la guerre<\/a><\/p>\n<p><a class=\"category\" href=\"http:\/\/lifestream.aol.com\/\" target=\"_blank\" rel=\"noopener\">Bob Nedwick&#8217;s<\/a><\/p>\n<p>[\/et_pb_accordion_item][et_pb_accordion_item title=\u00bbTIENDAS\u00bb]<\/p>\n<p><a href=\"http:\/\/atlanticajuegos.com\" target=\"_blank\" rel=\"noopener\">Atl\u00e1ntica Juegos<\/a><\/p>\n<p><a href=\"http:\/\/www.banduawargames.com\/es\/\">Bandua Wargames<\/a><\/p>\n<p><a class=\"category\" href=\"http:\/\/www.centraldejocs.com\/es\/\" target=\"_blank\" rel=\"noopener\">Central de Jocs<\/a><br \/>\nTienda de wargames y juegos de rol en Barcelona.<\/p>\n<p><a href=\"https:\/\/www.facebook.com\/estaliawargames\" target=\"_blank\" rel=\"noopener\">Estalia Wargames<\/a><\/p>\n<p><a href=\"http:\/\/www.rigolbellesarts.com\" target=\"_blank\" rel=\"noopener\">Rigol Belles Arts<\/a><\/p>\n<p>Tienda de bellas artes en Barcelona, con un magn\u00edfico surtido de pinceles y dem\u00e1s materiales.<\/p>\n<p>&nbsp;<\/p>\n<p>[\/et_pb_accordion_item][et_pb_accordion_item title=\u00bbRECONSTRUCCI\u00d3N HIST\u00d3RICA\u00bb]<\/p>\n<p><a href=\"http:\/\/www.accuh.com\" target=\"_blank\" rel=\"noopener\">ACCUH<\/a><\/p>\n<p>Asociaci\u00f3n Catalana de Coleccionistas de Uniformes Hist\u00f3ricos.<\/p>\n<p><a href=\"http:\/\/www.barcinooriens.cat\" target=\"_blank\" rel=\"noopener\">Barcino Oriens<\/a><\/p>\n<p>Grupo de recreaci\u00f3n, reconstrucci\u00f3n y divulgaci\u00f3n hist\u00f3rica romana.<\/p>\n<p><a href=\"https:\/\/www.facebook.com\/BCN-militia-349917348488177\/\" target=\"_blank\" rel=\"noopener\">BCN Militia<\/a><\/p>\n<p>Grupo de Recreaci\u00f3n Hist\u00f3rica ambientado en la Guerra de Secesi\u00f3n de EE.UU.<\/p>\n<p><a href=\"http:\/\/clanhavamal.blogspot.com.es\" target=\"_blank\" rel=\"noopener\">Clan H\u00e1vam\u00e1l<\/a><\/p>\n<p>El Clan H\u00e1vam\u00e1l es una asociaci\u00f3n cultural de recreaci\u00f3n hist\u00f3rica medieval escandinava s.IX &#8211; XI. Miembros de la Jomsborg South Storm.<\/p>\n<p><a href=\"http:\/\/www.jordimambrilla.com\/mis-grupos-de-reconstruccion\/lvdi-laietani\/\" target=\"_blank\" rel=\"noopener\">Ludi Laietani<\/a><\/p>\n<p>Grupo de reconstrucci\u00f3n de juegos gladiatorios.<\/p>\n<p><a class=\"category\" href=\"http:\/\/www.miquelets.cat\/\" target=\"_blank\" rel=\"noopener\">Miquelets de Catalunya<\/a><\/p>\n<p>Asociaci\u00f3n cultural que tiene como\u00a0objetivo revivir y honrar\u00a0mediante la\u00a0recreaci\u00f3n hist\u00f3rica a los soldados, milicianos y civiles catalanes que combatieron en la Guerra de Sucesi\u00f3n.<\/p>\n<p><a class=\"category\" href=\"http:\/\/juanmario.rey.en.eresmas.net\/indexnueve.htm\" target=\"_blank\" rel=\"noopener\">La Nueve<\/a><br \/>\nGrupo de reconstrucci\u00f3n hist\u00f3rica que mantiene la memoria de los componentes de esta unidad (La Nueve), encuadrada en la divisi\u00f3n blindada Leclerc y compuesta originalmente por espa\u00f1oles exiliados que van a continuar combatiendo al fascismo.<\/p>\n<p><strong>La Nueve Section Catalogne<\/strong><br \/>\nP\u00e1gina web de la Section Catalogne del grupo de reconstrucci\u00f3n hist\u00f3rica La Nueve<\/p>\n<p><a href=\"https:\/\/www.facebook.com\/SeptimaniSeniores?fref=ts\" target=\"_blank\" rel=\"noopener\">Septimani Seniores<\/a><\/p>\n<p>Asociaci\u00f3n catalana de reconstrucci\u00f3n hist\u00f3rica romana.<\/p>\n<p>[\/et_pb_accordion_item]<\/p>\n<p>[\/et_pb_accordion][\/et_pb_column][\/et_pb_row][\/et_pb_section]<\/p>\n","protected":false},"excerpt":{"rendered":"<p>&nbsp; &nbsp; &nbsp; FUBAR Podcast Turno Cu4tro podcast Wargame reviewer &nbsp; PrintandPlay games P\u00e1gina de Ignacio Torres, Nacho, miembro del club Alpha Ares i disenyador de juegos. Ha publicado aqu\u00ed [&hellip;]<\/p>\n","protected":false},"author":3,"featured_media":0,"parent":0,"menu_order":0,"comment_status":"open","ping_status":"open","template":"","meta":{"_acf_changed":false,"_et_pb_use_builder":"on","_et_pb_old_content":"","_et_gb_content_width":"","footnotes":""},"class_list":["post-42","page","type-page","status-publish","hentry"],"acf":[],"yoast_head":"<!-- This site is optimized with the Yoast SEO plugin v27.4 - https:\/\/yoast.com\/product\/yoast-seo-wordpress\/ -->\n<title>Enlaces - Alpha Ares<\/title>\n<meta name=\"robots\" content=\"index, follow, max-snippet:-1, max-image-preview:large, max-video-preview:-1\" \/>\n<link rel=\"canonical\" href=\"https:\/\/www.alphaares.com\/es\/enlaces\/\" \/>\n<meta property=\"og:locale\" content=\"es_ES\" \/>\n<meta property=\"og:type\" content=\"article\" \/>\n<meta property=\"og:title\" content=\"Enlaces - Alpha Ares\" \/>\n<meta property=\"og:description\" content=\"&nbsp; &nbsp; &nbsp; FUBAR Podcast Turno Cu4tro podcast Wargame reviewer &nbsp; PrintandPlay games P\u00e1gina de Ignacio Torres, Nacho, miembro del club Alpha Ares i disenyador de juegos. Ha publicado aqu\u00ed [&hellip;]\" \/>\n<meta property=\"og:url\" content=\"https:\/\/www.alphaares.com\/es\/enlaces\/\" \/>\n<meta property=\"og:site_name\" content=\"Alpha Ares\" \/>\n<meta property=\"article:modified_time\" content=\"2018-04-11T10:02:36+00:00\" \/>\n<meta name=\"twitter:card\" content=\"summary_large_image\" \/>\n<meta name=\"twitter:label1\" content=\"Tiempo de lectura\" \/>\n\t<meta name=\"twitter:data1\" content=\"7 minutos\" \/>\n<script type=\"application\/ld+json\" class=\"yoast-schema-graph\">{\"@context\":\"https:\\\/\\\/schema.org\",\"@graph\":[{\"@type\":\"WebPage\",\"@id\":\"https:\\\/\\\/www.alphaares.com\\\/es\\\/enlaces\\\/\",\"url\":\"https:\\\/\\\/www.alphaares.com\\\/es\\\/enlaces\\\/\",\"name\":\"Enlaces - Alpha Ares\",\"isPartOf\":{\"@id\":\"https:\\\/\\\/www.alphaares.com\\\/es\\\/#website\"},\"datePublished\":\"2015-06-24T18:57:00+00:00\",\"dateModified\":\"2018-04-11T10:02:36+00:00\",\"breadcrumb\":{\"@id\":\"https:\\\/\\\/www.alphaares.com\\\/es\\\/enlaces\\\/#breadcrumb\"},\"inLanguage\":\"es\",\"potentialAction\":[{\"@type\":\"ReadAction\",\"target\":[\"https:\\\/\\\/www.alphaares.com\\\/es\\\/enlaces\\\/\"]}]},{\"@type\":\"BreadcrumbList\",\"@id\":\"https:\\\/\\\/www.alphaares.com\\\/es\\\/enlaces\\\/#breadcrumb\",\"itemListElement\":[{\"@type\":\"ListItem\",\"position\":1,\"name\":\"Portada\",\"item\":\"https:\\\/\\\/www.alphaares.com\\\/\"},{\"@type\":\"ListItem\",\"position\":2,\"name\":\"Enlaces\"}]},{\"@type\":\"WebSite\",\"@id\":\"https:\\\/\\\/www.alphaares.com\\\/es\\\/#website\",\"url\":\"https:\\\/\\\/www.alphaares.com\\\/es\\\/\",\"name\":\"Alpha Ares\",\"description\":\"\u00a0\",\"potentialAction\":[{\"@type\":\"SearchAction\",\"target\":{\"@type\":\"EntryPoint\",\"urlTemplate\":\"https:\\\/\\\/www.alphaares.com\\\/es\\\/?s={search_term_string}\"},\"query-input\":{\"@type\":\"PropertyValueSpecification\",\"valueRequired\":true,\"valueName\":\"search_term_string\"}}],\"inLanguage\":\"es\"}]}<\/script>\n<!-- \/ Yoast SEO plugin. -->","yoast_head_json":{"title":"Enlaces - Alpha Ares","robots":{"index":"index","follow":"follow","max-snippet":"max-snippet:-1","max-image-preview":"max-image-preview:large","max-video-preview":"max-video-preview:-1"},"canonical":"https:\/\/www.alphaares.com\/es\/enlaces\/","og_locale":"es_ES","og_type":"article","og_title":"Enlaces - Alpha Ares","og_description":"&nbsp; &nbsp; &nbsp; FUBAR Podcast Turno Cu4tro podcast Wargame reviewer &nbsp; PrintandPlay games P\u00e1gina de Ignacio Torres, Nacho, miembro del club Alpha Ares i disenyador de juegos. Ha publicado aqu\u00ed [&hellip;]","og_url":"https:\/\/www.alphaares.com\/es\/enlaces\/","og_site_name":"Alpha Ares","article_modified_time":"2018-04-11T10:02:36+00:00","twitter_card":"summary_large_image","twitter_misc":{"Tiempo de lectura":"7 minutos"},"schema":{"@context":"https:\/\/schema.org","@graph":[{"@type":"WebPage","@id":"https:\/\/www.alphaares.com\/es\/enlaces\/","url":"https:\/\/www.alphaares.com\/es\/enlaces\/","name":"Enlaces - Alpha Ares","isPartOf":{"@id":"https:\/\/www.alphaares.com\/es\/#website"},"datePublished":"2015-06-24T18:57:00+00:00","dateModified":"2018-04-11T10:02:36+00:00","breadcrumb":{"@id":"https:\/\/www.alphaares.com\/es\/enlaces\/#breadcrumb"},"inLanguage":"es","potentialAction":[{"@type":"ReadAction","target":["https:\/\/www.alphaares.com\/es\/enlaces\/"]}]},{"@type":"BreadcrumbList","@id":"https:\/\/www.alphaares.com\/es\/enlaces\/#breadcrumb","itemListElement":[{"@type":"ListItem","position":1,"name":"Portada","item":"https:\/\/www.alphaares.com\/"},{"@type":"ListItem","position":2,"name":"Enlaces"}]},{"@type":"WebSite","@id":"https:\/\/www.alphaares.com\/es\/#website","url":"https:\/\/www.alphaares.com\/es\/","name":"Alpha Ares","description":"\u00a0","potentialAction":[{"@type":"SearchAction","target":{"@type":"EntryPoint","urlTemplate":"https:\/\/www.alphaares.com\/es\/?s={search_term_string}"},"query-input":{"@type":"PropertyValueSpecification","valueRequired":true,"valueName":"search_term_string"}}],"inLanguage":"es"}]}},"_links":{"self":[{"href":"https:\/\/www.alphaares.com\/es\/wp-json\/wp\/v2\/pages\/42","targetHints":{"allow":["GET"]}}],"collection":[{"href":"https:\/\/www.alphaares.com\/es\/wp-json\/wp\/v2\/pages"}],"about":[{"href":"https:\/\/www.alphaares.com\/es\/wp-json\/wp\/v2\/types\/page"}],"author":[{"embeddable":true,"href":"https:\/\/www.alphaares.com\/es\/wp-json\/wp\/v2\/users\/3"}],"replies":[{"embeddable":true,"href":"https:\/\/www.alphaares.com\/es\/wp-json\/wp\/v2\/comments?post=42"}],"version-history":[{"count":5,"href":"https:\/\/www.alphaares.com\/es\/wp-json\/wp\/v2\/pages\/42\/revisions"}],"predecessor-version":[{"id":3392,"href":"https:\/\/www.alphaares.com\/es\/wp-json\/wp\/v2\/pages\/42\/revisions\/3392"}],"wp:attachment":[{"href":"https:\/\/www.alphaares.com\/es\/wp-json\/wp\/v2\/media?parent=42"}],"curies":[{"name":"wp","href":"https:\/\/api.w.org\/{rel}","templated":true}]}}