{"id":2987,"date":"2017-10-12T16:42:48","date_gmt":"2017-10-12T14:42:48","guid":{"rendered":"https:\/\/www.alphaares.com\/es\/?page_id=2987"},"modified":"2017-10-20T17:54:35","modified_gmt":"2017-10-20T15:54:35","slug":"memoir44-d-day-landings","status":"publish","type":"page","link":"https:\/\/www.alphaares.com\/es\/jornadas\/dau-historico-con-alpha-ares-2017\/memoir44-d-day-landings\/","title":{"rendered":"Memoir&#8217;44 D-Day Landings DAU Hist\u00f2ric amb Alpha Ares"},"content":{"rendered":"<p>El pr\u00f3ximo s\u00e1bado 18 de noviembre de 2017, a partir de las 10 horas, y dentro del Festival DAU amb Alpha Ares, en Fabra i Coats, se har\u00e1 una nueva partida de \u201c<strong>Memoir 44 D-Day Landings<\/strong>\u201d.<\/p>\n<p><a href=\"https:\/\/www.alphaares.com\/wp-content\/uploads\/2017\/10\/Memoir44D_Day_Landings-2.jpg\"><img loading=\"lazy\" decoding=\"async\" class=\"aligncenter wp-image-2982 size-full\" src=\"https:\/\/www.alphaares.com\/wp-content\/uploads\/2017\/10\/Memoir44D_Day_Landings-2.jpg\" alt=\"Memoir44D_Day_Landings 2\" width=\"1920\" height=\"1431\" srcset=\"https:\/\/www.alphaares.com\/wp-content\/uploads\/2017\/10\/Memoir44D_Day_Landings-2.jpg 1920w, https:\/\/www.alphaares.com\/wp-content\/uploads\/2017\/10\/Memoir44D_Day_Landings-2-300x224.jpg 300w, https:\/\/www.alphaares.com\/wp-content\/uploads\/2017\/10\/Memoir44D_Day_Landings-2-768x572.jpg 768w, https:\/\/www.alphaares.com\/wp-content\/uploads\/2017\/10\/Memoir44D_Day_Landings-2-1024x763.jpg 1024w, https:\/\/www.alphaares.com\/wp-content\/uploads\/2017\/10\/Memoir44D_Day_Landings-2-1080x805.jpg 1080w\" sizes=\"(max-width: 1920px) 100vw, 1920px\" \/><\/a><\/p>\n<p>Se trata de una partida para 12 jugadores (6 aliados vs. 6 alemanes) en 6 sectores del desembarco de Normand\u00eda. De modo que se juegan 6 partidas simult\u00e1neas, d\u00f3nde es posible apoyar combates en tableros de sectores colindantes. El primer bando que colectivamente consiga 78 \u00abmedallas\u00bb (Unidades eliminadas \/ \u00e1reas controladas) se alzar\u00e1 con la victoria.<\/p>\n<p>La partida tiene una duraci\u00f3n de unas 8 horas (de 10 a 18 h aprox.), incluyendo una pausa de una hora y media para comer.<\/p>\n<p>Para participar es ideal tener conocimientos de las reglas b\u00e1sicas de Memoir 44 o del sistema \u00abCommand &amp; Colors\u00bb. Si no, tambi\u00e9n te ayudaremos con el reglamento. Jugaremos sobre un tablero con unas dimensiones de\u00a0de 4&#8217;20 x 1&#8217;80 mts. y con todas la miniaturas pintadas (mas de 1.300)<\/p>\n<p>\u2022 Inscripciones: EMAIL:\u00a0<a href=\"mailto:jordirocaparse@hotmail.com\" target=\"_blank\">jordirocaparse@hotmail.com<\/a>\u00a0 &#8211;\u00a0WHATSAP:\u00a0626378356.<\/p>\n","protected":false},"excerpt":{"rendered":"<p>El pr\u00f3ximo s\u00e1bado 18 de noviembre de 2017, a partir de las 10 horas, y dentro del Festival DAU amb Alpha Ares, en Fabra i Coats, se har\u00e1 una nueva [&hellip;]<\/p>\n","protected":false},"author":3,"featured_media":2982,"parent":2939,"menu_order":0,"comment_status":"closed","ping_status":"closed","template":"","meta":{"_acf_changed":false,"_et_pb_use_builder":"","_et_pb_old_content":"","_et_gb_content_width":"","footnotes":""},"class_list":["post-2987","page","type-page","status-publish","has-post-thumbnail","hentry"],"acf":[],"yoast_head":"<!-- This site is optimized with the Yoast SEO plugin v27.4 - https:\/\/yoast.com\/product\/yoast-seo-wordpress\/ -->\n<title>Memoir&#039;44 D-Day Landings DAU Hist\u00f2ric amb Alpha Ares<\/title>\n<meta name=\"description\" content=\"Gran partida de demostraci\u00f3n del juego de la Segunda Guerra Mundial Memoir &#039;44 D-Day Landings en las Jornadas DAU Hist\u00f2ric amb Alpha Ares\" \/>\n<meta name=\"robots\" content=\"index, follow, max-snippet:-1, max-image-preview:large, max-video-preview:-1\" \/>\n<link rel=\"canonical\" href=\"https:\/\/www.alphaares.com\/es\/jornadas\/dau-historico-con-alpha-ares-2017\/memoir44-d-day-landings\/\" \/>\n<meta property=\"og:locale\" content=\"es_ES\" \/>\n<meta property=\"og:type\" content=\"article\" \/>\n<meta property=\"og:title\" content=\"Memoir&#039;44 D-Day Landings DAU Hist\u00f2ric amb Alpha Ares\" \/>\n<meta property=\"og:description\" content=\"Gran partida de demostraci\u00f3n del juego de la Segunda Guerra Mundial Memoir &#039;44 D-Day Landings en las Jornadas DAU Hist\u00f2ric amb Alpha Ares\" \/>\n<meta property=\"og:url\" content=\"https:\/\/www.alphaares.com\/es\/jornadas\/dau-historico-con-alpha-ares-2017\/memoir44-d-day-landings\/\" \/>\n<meta property=\"og:site_name\" content=\"Alpha Ares\" \/>\n<meta property=\"article:modified_time\" content=\"2017-10-20T15:54:35+00:00\" \/>\n<meta property=\"og:image\" content=\"https:\/\/www.alphaares.com\/wp-content\/uploads\/2017\/10\/Memoir44D_Day_Landings-2.jpg\" \/>\n\t<meta property=\"og:image:width\" content=\"1920\" \/>\n\t<meta property=\"og:image:height\" content=\"1431\" \/>\n\t<meta property=\"og:image:type\" content=\"image\/jpeg\" \/>\n<meta name=\"twitter:card\" content=\"summary_large_image\" \/>\n<meta name=\"twitter:label1\" content=\"Tiempo de lectura\" \/>\n\t<meta name=\"twitter:data1\" content=\"1 minuto\" \/>\n<script type=\"application\/ld+json\" class=\"yoast-schema-graph\">{\"@context\":\"https:\\\/\\\/schema.org\",\"@graph\":[{\"@type\":\"WebPage\",\"@id\":\"https:\\\/\\\/www.alphaares.com\\\/es\\\/jornadas\\\/dau-historico-con-alpha-ares-2017\\\/memoir44-d-day-landings\\\/\",\"url\":\"https:\\\/\\\/www.alphaares.com\\\/es\\\/jornadas\\\/dau-historico-con-alpha-ares-2017\\\/memoir44-d-day-landings\\\/\",\"name\":\"Memoir'44 D-Day Landings DAU Hist\u00f2ric amb Alpha Ares\",\"isPartOf\":{\"@id\":\"https:\\\/\\\/www.alphaares.com\\\/es\\\/#website\"},\"primaryImageOfPage\":{\"@id\":\"https:\\\/\\\/www.alphaares.com\\\/es\\\/jornadas\\\/dau-historico-con-alpha-ares-2017\\\/memoir44-d-day-landings\\\/#primaryimage\"},\"image\":{\"@id\":\"https:\\\/\\\/www.alphaares.com\\\/es\\\/jornadas\\\/dau-historico-con-alpha-ares-2017\\\/memoir44-d-day-landings\\\/#primaryimage\"},\"thumbnailUrl\":\"https:\\\/\\\/www.alphaares.com\\\/wp-content\\\/uploads\\\/2017\\\/10\\\/Memoir44D_Day_Landings-2.jpg\",\"datePublished\":\"2017-10-12T14:42:48+00:00\",\"dateModified\":\"2017-10-20T15:54:35+00:00\",\"description\":\"Gran partida de demostraci\u00f3n del juego de la Segunda Guerra Mundial Memoir '44 D-Day Landings en las Jornadas DAU Hist\u00f2ric amb Alpha Ares\",\"breadcrumb\":{\"@id\":\"https:\\\/\\\/www.alphaares.com\\\/es\\\/jornadas\\\/dau-historico-con-alpha-ares-2017\\\/memoir44-d-day-landings\\\/#breadcrumb\"},\"inLanguage\":\"es\",\"potentialAction\":[{\"@type\":\"ReadAction\",\"target\":[\"https:\\\/\\\/www.alphaares.com\\\/es\\\/jornadas\\\/dau-historico-con-alpha-ares-2017\\\/memoir44-d-day-landings\\\/\"]}]},{\"@type\":\"ImageObject\",\"inLanguage\":\"es\",\"@id\":\"https:\\\/\\\/www.alphaares.com\\\/es\\\/jornadas\\\/dau-historico-con-alpha-ares-2017\\\/memoir44-d-day-landings\\\/#primaryimage\",\"url\":\"https:\\\/\\\/www.alphaares.com\\\/wp-content\\\/uploads\\\/2017\\\/10\\\/Memoir44D_Day_Landings-2.jpg\",\"contentUrl\":\"https:\\\/\\\/www.alphaares.com\\\/wp-content\\\/uploads\\\/2017\\\/10\\\/Memoir44D_Day_Landings-2.jpg\",\"width\":1920,\"height\":1431,\"caption\":\"Memoir 44 D-Day Landings\"},{\"@type\":\"BreadcrumbList\",\"@id\":\"https:\\\/\\\/www.alphaares.com\\\/es\\\/jornadas\\\/dau-historico-con-alpha-ares-2017\\\/memoir44-d-day-landings\\\/#breadcrumb\",\"itemListElement\":[{\"@type\":\"ListItem\",\"position\":1,\"name\":\"Portada\",\"item\":\"https:\\\/\\\/www.alphaares.com\\\/\"},{\"@type\":\"ListItem\",\"position\":2,\"name\":\"Jornadas\",\"item\":\"https:\\\/\\\/www.alphaares.com\\\/es\\\/jornadas\\\/\"},{\"@type\":\"ListItem\",\"position\":3,\"name\":\"DAU HIST\u00d3RICO CON ALPHA ARES 2017\",\"item\":\"https:\\\/\\\/www.alphaares.com\\\/es\\\/jornadas\\\/dau-historico-con-alpha-ares-2017\\\/\"},{\"@type\":\"ListItem\",\"position\":4,\"name\":\"Memoir&#8217;44 D-Day Landings DAU Hist\u00f2ric amb Alpha Ares\"}]},{\"@type\":\"WebSite\",\"@id\":\"https:\\\/\\\/www.alphaares.com\\\/es\\\/#website\",\"url\":\"https:\\\/\\\/www.alphaares.com\\\/es\\\/\",\"name\":\"Alpha Ares\",\"description\":\"\u00a0\",\"potentialAction\":[{\"@type\":\"SearchAction\",\"target\":{\"@type\":\"EntryPoint\",\"urlTemplate\":\"https:\\\/\\\/www.alphaares.com\\\/es\\\/?s={search_term_string}\"},\"query-input\":{\"@type\":\"PropertyValueSpecification\",\"valueRequired\":true,\"valueName\":\"search_term_string\"}}],\"inLanguage\":\"es\"}]}<\/script>\n<!-- \/ Yoast SEO plugin. -->","yoast_head_json":{"title":"Memoir'44 D-Day Landings DAU Hist\u00f2ric amb Alpha Ares","description":"Gran partida de demostraci\u00f3n del juego de la Segunda Guerra Mundial Memoir '44 D-Day Landings en las Jornadas DAU Hist\u00f2ric amb Alpha Ares","robots":{"index":"index","follow":"follow","max-snippet":"max-snippet:-1","max-image-preview":"max-image-preview:large","max-video-preview":"max-video-preview:-1"},"canonical":"https:\/\/www.alphaares.com\/es\/jornadas\/dau-historico-con-alpha-ares-2017\/memoir44-d-day-landings\/","og_locale":"es_ES","og_type":"article","og_title":"Memoir'44 D-Day Landings DAU Hist\u00f2ric amb Alpha Ares","og_description":"Gran partida de demostraci\u00f3n del juego de la Segunda Guerra Mundial Memoir '44 D-Day Landings en las Jornadas DAU Hist\u00f2ric amb Alpha Ares","og_url":"https:\/\/www.alphaares.com\/es\/jornadas\/dau-historico-con-alpha-ares-2017\/memoir44-d-day-landings\/","og_site_name":"Alpha Ares","article_modified_time":"2017-10-20T15:54:35+00:00","og_image":[{"width":1920,"height":1431,"url":"https:\/\/www.alphaares.com\/wp-content\/uploads\/2017\/10\/Memoir44D_Day_Landings-2.jpg","type":"image\/jpeg"}],"twitter_card":"summary_large_image","twitter_misc":{"Tiempo de lectura":"1 minuto"},"schema":{"@context":"https:\/\/schema.org","@graph":[{"@type":"WebPage","@id":"https:\/\/www.alphaares.com\/es\/jornadas\/dau-historico-con-alpha-ares-2017\/memoir44-d-day-landings\/","url":"https:\/\/www.alphaares.com\/es\/jornadas\/dau-historico-con-alpha-ares-2017\/memoir44-d-day-landings\/","name":"Memoir'44 D-Day Landings DAU Hist\u00f2ric amb Alpha Ares","isPartOf":{"@id":"https:\/\/www.alphaares.com\/es\/#website"},"primaryImageOfPage":{"@id":"https:\/\/www.alphaares.com\/es\/jornadas\/dau-historico-con-alpha-ares-2017\/memoir44-d-day-landings\/#primaryimage"},"image":{"@id":"https:\/\/www.alphaares.com\/es\/jornadas\/dau-historico-con-alpha-ares-2017\/memoir44-d-day-landings\/#primaryimage"},"thumbnailUrl":"https:\/\/www.alphaares.com\/wp-content\/uploads\/2017\/10\/Memoir44D_Day_Landings-2.jpg","datePublished":"2017-10-12T14:42:48+00:00","dateModified":"2017-10-20T15:54:35+00:00","description":"Gran partida de demostraci\u00f3n del juego de la Segunda Guerra Mundial Memoir '44 D-Day Landings en las Jornadas DAU Hist\u00f2ric amb Alpha Ares","breadcrumb":{"@id":"https:\/\/www.alphaares.com\/es\/jornadas\/dau-historico-con-alpha-ares-2017\/memoir44-d-day-landings\/#breadcrumb"},"inLanguage":"es","potentialAction":[{"@type":"ReadAction","target":["https:\/\/www.alphaares.com\/es\/jornadas\/dau-historico-con-alpha-ares-2017\/memoir44-d-day-landings\/"]}]},{"@type":"ImageObject","inLanguage":"es","@id":"https:\/\/www.alphaares.com\/es\/jornadas\/dau-historico-con-alpha-ares-2017\/memoir44-d-day-landings\/#primaryimage","url":"https:\/\/www.alphaares.com\/wp-content\/uploads\/2017\/10\/Memoir44D_Day_Landings-2.jpg","contentUrl":"https:\/\/www.alphaares.com\/wp-content\/uploads\/2017\/10\/Memoir44D_Day_Landings-2.jpg","width":1920,"height":1431,"caption":"Memoir 44 D-Day Landings"},{"@type":"BreadcrumbList","@id":"https:\/\/www.alphaares.com\/es\/jornadas\/dau-historico-con-alpha-ares-2017\/memoir44-d-day-landings\/#breadcrumb","itemListElement":[{"@type":"ListItem","position":1,"name":"Portada","item":"https:\/\/www.alphaares.com\/"},{"@type":"ListItem","position":2,"name":"Jornadas","item":"https:\/\/www.alphaares.com\/es\/jornadas\/"},{"@type":"ListItem","position":3,"name":"DAU HIST\u00d3RICO CON ALPHA ARES 2017","item":"https:\/\/www.alphaares.com\/es\/jornadas\/dau-historico-con-alpha-ares-2017\/"},{"@type":"ListItem","position":4,"name":"Memoir&#8217;44 D-Day Landings DAU Hist\u00f2ric amb Alpha Ares"}]},{"@type":"WebSite","@id":"https:\/\/www.alphaares.com\/es\/#website","url":"https:\/\/www.alphaares.com\/es\/","name":"Alpha Ares","description":"\u00a0","potentialAction":[{"@type":"SearchAction","target":{"@type":"EntryPoint","urlTemplate":"https:\/\/www.alphaares.com\/es\/?s={search_term_string}"},"query-input":{"@type":"PropertyValueSpecification","valueRequired":true,"valueName":"search_term_string"}}],"inLanguage":"es"}]}},"_links":{"self":[{"href":"https:\/\/www.alphaares.com\/es\/wp-json\/wp\/v2\/pages\/2987","targetHints":{"allow":["GET"]}}],"collection":[{"href":"https:\/\/www.alphaares.com\/es\/wp-json\/wp\/v2\/pages"}],"about":[{"href":"https:\/\/www.alphaares.com\/es\/wp-json\/wp\/v2\/types\/page"}],"author":[{"embeddable":true,"href":"https:\/\/www.alphaares.com\/es\/wp-json\/wp\/v2\/users\/3"}],"replies":[{"embeddable":true,"href":"https:\/\/www.alphaares.com\/es\/wp-json\/wp\/v2\/comments?post=2987"}],"version-history":[{"count":3,"href":"https:\/\/www.alphaares.com\/es\/wp-json\/wp\/v2\/pages\/2987\/revisions"}],"predecessor-version":[{"id":3065,"href":"https:\/\/www.alphaares.com\/es\/wp-json\/wp\/v2\/pages\/2987\/revisions\/3065"}],"up":[{"embeddable":true,"href":"https:\/\/www.alphaares.com\/es\/wp-json\/wp\/v2\/pages\/2939"}],"wp:featuredmedia":[{"embeddable":true,"href":"https:\/\/www.alphaares.com\/es\/wp-json\/wp\/v2\/media\/2982"}],"wp:attachment":[{"href":"https:\/\/www.alphaares.com\/es\/wp-json\/wp\/v2\/media?parent=2987"}],"curies":[{"name":"wp","href":"https:\/\/api.w.org\/{rel}","templated":true}]}}