{"id":2006,"date":"2016-09-18T09:56:37","date_gmt":"2016-09-18T07:56:37","guid":{"rendered":"http:\/\/www.alphaares.com\/es\/jornades-wargames-barcelona-2016\/"},"modified":"2016-11-01T10:47:49","modified_gmt":"2016-11-01T09:47:49","slug":"jornadas-wargames-barcelona-2016","status":"publish","type":"page","link":"https:\/\/www.alphaares.com\/es\/jornadas\/jornadas-wargames-barcelona-2016\/","title":{"rendered":"JORNADAS DE WARGAMES ALPHA ARES 2016"},"content":{"rendered":"<p>[et_pb_section admin_label=\u00bbsection\u00bb][et_pb_row admin_label=\u00bbrow\u00bb][et_pb_column type=\u00bb4_4&#8243;][et_pb_gallery admin_label=\u00bbGallery\u00bb gallery_ids=\u00bb2492,2538,2516,2461,2464,2465,2491,2499&#8243; fullwidth=\u00bbon\u00bb show_title_and_caption=\u00bbon\u00bb show_pagination=\u00bbon\u00bb background_layout=\u00bblight\u00bb auto=\u00bboff\u00bb hover_overlay_color=\u00bbrgba(255,255,255,0.9)\u00bb caption_all_caps=\u00bboff\u00bb use_border_color=\u00bboff\u00bb border_color=\u00bb#ffffff\u00bb border_style=\u00bbsolid\u00bb] [\/et_pb_gallery][\/et_pb_column][\/et_pb_row][\/et_pb_section][et_pb_section admin_label=\u00bbsection\u00bb][et_pb_row admin_label=\u00bbRow\u00bb][et_pb_column type=\u00bb4_4&#8243;][et_pb_text admin_label=\u00bbText\u00bb background_layout=\u00bblight\u00bb text_orientation=\u00bbleft\u00bb use_border_color=\u00bboff\u00bb border_color=\u00bb#ffffff\u00bb border_style=\u00bbsolid\u00bb text_font_size=\u00bb20&#8243;]<\/p>\n<h1 style=\"text-align: center;\">JORNADAS ALPHA ARES 2016<\/h1>\n<p>[\/et_pb_text][et_pb_text admin_label=\u00bbText\u00bb background_layout=\u00bblight\u00bb text_orientation=\u00bbleft\u00bb use_border_color=\u00bboff\u00bb border_color=\u00bb#ffffff\u00bb border_style=\u00bbsolid\u00bb text_font_size=\u00bb16&#8243;]<\/p>\n<div class=\"traductor-textarea form-group\">\n<div class=\"textarea-desti col-xs-12 col-sm-6\">\n<div class=\"form-control second-textarea\">\n<p class=\"p1\"><span class=\"s1\">Con m\u00e1s de dos d\u00e9cadas de trayectoria, las Jornadas de Estrategia, Simulaci\u00f3n y MIniaturas Alpha Ares se han convertido en un referente y en una cita ineludible para todos los amantes del wargame\u00a0a la que cada a\u00f1o acuden tanto aficionados como profesionales de Catalu\u00f1a, Espa\u00f1a y Europa. El pr\u00f3ximo 22 de octubre el club Alpha Ares ofrecer\u00e1, junto con asociaciones y tiendas amigas, una nueva edici\u00f3n de sus jornadas en las que disfrutar de la siguiente relaci\u00f3n de actividades. Entrada gratuita. \u00a0<\/span><\/p>\n<\/div>\n<\/div>\n<\/div>\n<p>[\/et_pb_text][\/et_pb_column][\/et_pb_row][et_pb_row admin_label=\u00bbRow\u00bb][et_pb_column type=\u00bb4_4&#8243;][et_pb_gallery admin_label=\u00bbGallery\u00bb gallery_ids=\u00bb2534,2535,2536,2537,2538,2539,2540,2541,2542,2543,2544,2545,2546,2547,2548,2549,2550,2551,2552,2553,2554,2555&#8243; fullwidth=\u00bboff\u00bb show_title_and_caption=\u00bbon\u00bb show_pagination=\u00bbon\u00bb background_layout=\u00bblight\u00bb auto=\u00bboff\u00bb hover_overlay_color=\u00bbrgba(255,255,255,0.9)\u00bb caption_all_caps=\u00bboff\u00bb use_border_color=\u00bboff\u00bb border_color=\u00bb#ffffff\u00bb border_style=\u00bbsolid\u00bb] [\/et_pb_gallery][\/et_pb_column][\/et_pb_row][et_pb_row admin_label=\u00bbrow\u00bb][et_pb_column type=\u00bb1_3&#8243;][et_pb_text admin_label=\u00bbText\u00bb background_layout=\u00bblight\u00bb text_orientation=\u00bbleft\u00bb use_border_color=\u00bboff\u00bb border_color=\u00bb#ffffff\u00bb border_style=\u00bbsolid\u00bb]<\/p>\n<h2>Torneos<\/h2>\n<ul>\n<li>X-WING\u00a0<a href=\"http:\/\/www.alphaares.com\/wp-content\/uploads\/2016\/09\/x-wing_epictournamentrules.pdf\" target=\"_blank\">Bases<\/a> &#8211; <a href=\"mailto:orders@thegrumpyshop.com\">Inscripci\u00f3n\u00a0<\/a><\/li>\n<li>XVIII Fanatic ASL <a href=\"http:\/\/www.alphaares.com\/wp-content\/uploads\/2016\/09\/bases-ASL.pdf\">Bases<\/a> &#8211; <a href=\"mailto:wendigoenator@gmail.com\">Inscipci\u00f3n<\/a><\/li>\n<li>DBA\u00a0Game of Thrones <a href=\"http:\/\/www.alphaares.com\/wp-content\/uploads\/2016\/09\/TORNEO-DBA.pdf\">Bases<\/a> &#8211;\u00a0<a href=\"mailto:ricardoponz@gmail.com\">Inscripci\u00f3n<\/a>\u00a0<strong>Cancelado<\/strong><\/li>\n<li>II Infinity Alpha Ares <a href=\"http:\/\/infinitytheforums.com\/foro\/topic\/16435-torneo-infinity-alpha-ares-demos-barcelona\/#comment-360494\">Bases<\/a>&#8211;\u00a0<a href=\"mailto:davalmar31@gmail.com\">Inscripci\u00f3n<\/a>\u00a0<strong>Completo<\/strong><\/li>\n<li>Euphoria \u00a0<a href=\"http:\/\/www.alphaares.com\/wp-content\/uploads\/2016\/09\/I-TORNEO-EUPHORIA-ALPHA-ARES.pdf\">Bases<\/a>\u00a0&#8211;\u00a0<a href=\"mailto:info@euphoriaminiatures.com\">Inscripci\u00f3n<\/a><\/li>\n<li>Batman Miniature Game\u00a0<a href=\"http:\/\/www.alphaares.com\/wp-content\/uploads\/2016\/09\/Torneo-Batman-BMG-Alpha.pdf\" target=\"_blank\">Bases<\/a> &#8211; <a href=\"mailto:info@area51-d.com\">Inscripci\u00f3n<\/a><\/li>\n<li>Game of Thrones &#8211;\u00a0Juego de cartas\u00a0<a href=\"mailto:gonzalo.arenas@icab.es\">Inscripci\u00f3n<\/a><\/li>\n<\/ul>\n<p>[\/et_pb_text][\/et_pb_column][et_pb_column type=\u00bb1_3&#8243;][et_pb_text admin_label=\u00bbText\u00bb background_layout=\u00bblight\u00bb text_orientation=\u00bbleft\u00bb use_border_color=\u00bboff\u00bb border_color=\u00bb#ffffff\u00bb border_style=\u00bbsolid\u00bb]<\/p>\n<h2><em>Wargames<\/em> de fichas y juegos de tablero<\/h2>\n<ul>\n<li>Downfall of Empires &#8211; la Primera Guerra Mundial\u00a0en tablero<\/li>\n<li>Conflict of Heroes<\/li>\n<li>Warbirds &#8211; combates a\u00e9reos\u00a0en la Primera Guerra Mundial<\/li>\n<li>2GM Tactics &#8211; <a href=\"http:\/\/dracoideas.com\/editorial\/\">Draco Ideas<\/a><\/li>\n<li>Onus! &#8211; <a href=\"http:\/\/dracoideas.com\/editorial\/\">Draco Ideas<\/a><\/li>\n<li>Waterloo &#8211; <a href=\"http:\/\/www.trafalgareditions.com\/\" target=\"_blank\">Trafalgar Editions<\/a><\/li>\n<li>Trafalgar &#8211; <a href=\"http:\/\/www.trafalgareditions.com\/\" target=\"_blank\">Trafalgar Editions<\/a><\/li>\n<\/ul>\n<p>[\/et_pb_text][\/et_pb_column][et_pb_column type=\u00bb1_3&#8243;][et_pb_text admin_label=\u00bbText\u00bb background_layout=\u00bblight\u00bb text_orientation=\u00bbleft\u00bb use_border_color=\u00bboff\u00bb border_color=\u00bb#ffffff\u00bb border_style=\u00bbsolid\u00bb]<\/p>\n<h2>Conferencias<\/h2>\n<ul>\n<li><span style=\"line-height: 1.5;\"><span style=\"line-height: 1.5;\">12 horas: <a href=\"http:\/\/www.alphaares.com\/es\/2016\/09\/19\/maquina-enigma-alpha-ares-2016\/\">Alan Turing y\u00a0la M\u00e1quina Enigma<\/a><\/span><\/span>, por\u00a0Oscar Font. Coste: <strong>3\u20ac<\/strong>.\u00a0Plazas limitadas.<\/li>\n<li>18 horas:\u00a0<a href=\"http:\/\/www.alphaares.com\/es\/2016\/09\/29\/batalla-estrasburgo\/\">La batalla de Estrasburgo. Juliano contra los alamanes<\/a> (357 d. C.), por\u00a0Borja Pelegero.\n<div class=\"traductor-checkbox form-group\"><\/div>\n<\/li>\n<\/ul>\n<p>[\/et_pb_text][\/et_pb_column][\/et_pb_row][et_pb_row admin_label=\u00bbRow\u00bb][et_pb_column type=\u00bb4_4&#8243;][et_pb_gallery admin_label=\u00bbGallery\u00bb gallery_ids=\u00bb2533,2532,2531,2530,2529,2528,2527,2526,2525,2524,2523,2522,2518,2519,2520,2521,2517,2516,2515,2514,2513,2512&#8243; fullwidth=\u00bboff\u00bb show_title_and_caption=\u00bbon\u00bb show_pagination=\u00bbon\u00bb background_layout=\u00bblight\u00bb auto=\u00bboff\u00bb hover_overlay_color=\u00bbrgba(255,255,255,0.9)\u00bb caption_all_caps=\u00bboff\u00bb use_border_color=\u00bboff\u00bb border_color=\u00bb#ffffff\u00bb border_style=\u00bbsolid\u00bb] [\/et_pb_gallery][\/et_pb_column][\/et_pb_row][et_pb_row admin_label=\u00bbrow\u00bb][et_pb_column type=\u00bb1_3&#8243;][et_pb_text admin_label=\u00bbText\u00bb background_layout=\u00bblight\u00bb text_orientation=\u00bbleft\u00bb use_border_color=\u00bboff\u00bb border_color=\u00bb#ffffff\u00bb border_style=\u00bbsolid\u00bb]<\/p>\n<h2>Wargames\u00a0con\u00a0miniaturas<\/h2>\n<ul>\n<li>\n<div class=\"traductor-textarea form-group\">\n<div class=\"textarea-desti col-xs-12 col-sm-6\">\n<div class=\"form-control second-textarea\">Vikings, guerra civil &#8211; Saga 28 mm <a href=\"http:\/\/www.alphaares.com\/es\/2016\/10\/25\/fotos-pueblo-vikingo-alpha-ares-2016\/\">Galer\u00eda de fotos<\/a><\/div>\n<\/div>\n<\/div>\n<\/li>\n<li>\n<div class=\"traductor-textarea form-group\">\n<div class=\"textarea-desti col-xs-12 col-sm-6\">\n<div class=\"form-control second-textarea\">La batalla por York, Inglaterra\u00a01066 &#8211; Saga 28 mm <a href=\"http:\/\/www.alphaares.com\/es\/2016\/10\/24\/fotos-batalla-york-alpha-ares-2016\/\">Galer\u00eda de fotos<\/a><\/div>\n<\/div>\n<\/div>\n<\/li>\n<li>Pegasus Bridge &#8211; Segunda Guerra Mundial en 28 mm<\/li>\n<li><a href=\"http:\/\/www.alphaares.com\/es\/2016\/09\/29\/batalla-szack-alpha-ares-2016\/\">La batalla de Szack, septiembre de 1939<\/a> &#8211; Bolt Action 28 mm<\/li>\n<li>\n<div class=\"traductor-textarea form-group\">\n<div class=\"textarea-desti col-xs-12 col-sm-6\">\n<div class=\"form-control second-textarea\"><a href=\"http:\/\/www.alphaares.com\/es\/2016\/09\/20\/baku-alpha-ares-2016\/\">La batalla por Bak\u00fa<\/a>&#8211;\u00a0\u00a0Battleground Modern Combat en 28 mm<\/div>\n<\/div>\n<\/div>\n<\/li>\n<li><a href=\"http:\/\/www.alphaares.com\/es\/2016\/10\/06\/fleet-commander-alpha-ares-2016\/\">Fleet Commander<\/a> &#8211; WW2 Naval<\/li>\n<li>Lepanto &#8211; batalla naval con\u00a0galeres renacentistas\u00a0en 28 mm<\/li>\n<li>Flames of War Team Yankee &#8211; guerra moderna 15 mm<\/li>\n<li><a href=\"http:\/\/www.alphaares.com\/es\/2016\/09\/25\/magnesia-alpha-ares-2016\/\">Magnesia <\/a>(190 a. C.) Romanos contra Sel\u00e9ucidas &#8211; Impetvs 28 mm<\/li>\n<li><a href=\"http:\/\/www.alphaares.com\/es\/2016\/09\/22\/batalla-gettysburg-alpha-ares-2016\/\">Gettysburg, 3 de julio<\/a> &#8211; Fire &amp; Fury 15 mm<\/li>\n<li>Omaha Beach &#8211; Bolt Action 28 mm<\/li>\n<li>Tobruk &#8211; Flames of War 15 mm<\/li>\n<li>Desembarco de Normand\u00eda:\u00a0Omaha Beach, Sectores Easy Green y Dog Red<br \/>\n&#8211; Flames of War 15 mm<\/li>\n<li><a href=\"http:\/\/www.alphaares.com\/es\/2016\/09\/28\/batalla-hanau-alpha-ares-2016\/\">Batalla de Hanau, 1813<\/a> &#8211; Age of Eagles 2, 15 mm<\/li>\n<li>Batalla de Idistaviso &#8211; Strategikon 2, 28mm<\/li>\n<\/ul>\n<p>[\/et_pb_text][\/et_pb_column][et_pb_column type=\u00bb1_3&#8243;][et_pb_text admin_label=\u00bbText\u00bb background_layout=\u00bblight\u00bb text_orientation=\u00bbleft\u00bb use_border_color=\u00bboff\u00bb border_color=\u00bb#ffffff\u00bb border_style=\u00bbsolid\u00bb]<\/p>\n<h2>Demostraciones de tiendas<\/h2>\n<ul>\n<li class=\"p1\"><span class=\"s1\">Waterloo: La carga de los Royal Scots Greys &#8211; Reglamento Imperial Eagle, 15 mm. <a href=\"http:\/\/www.campaign-game-miniatures.com\/\">Campaign Game Miniatures<\/a><\/span><span class=\"s1\"><br \/>\n<\/span><\/li>\n<li class=\"p1\"><span class=\"s1\">Walking Dead: Juego de Miniaturas &#8211;\u00a0<a href=\"https:\/\/dungeonmarvels.com\/\">Dungeon Marvels\u00a0<\/a><\/span><\/li>\n<li class=\"p1\"><span class=\"s1\">SAGA &#8211;\u00a0<a href=\"http:\/\/atlanticajuegos.com\/\">Atlantica Juegos<\/a><\/span><\/li>\n<li class=\"p1\"><span class=\"s1\">Infinity &#8211;\u00a0<a href=\"http:\/\/banduawargames.com\/es\/\">Bandua<\/a><\/span><\/li>\n<li class=\"p1\"><span class=\"s1\">Herej\u00eda de Horus &#8211;\u00a0<a href=\"http:\/\/banduawargames.com\/es\/\">Bandua<\/a><\/span><\/li>\n<li class=\"p1\">Juego de carros de combate de la 2\u00aaGM (Paper Field) &#8211; <a href=\"http:\/\/paulestudios.com\/\" target=\"_blank\">Paulestudios<\/a><\/li>\n<\/ul>\n<p>[\/et_pb_text][\/et_pb_column][et_pb_column type=\u00bb1_3&#8243;][et_pb_text admin_label=\u00bbText\u00bb background_layout=\u00bblight\u00bb text_orientation=\u00bbleft\u00bb use_border_color=\u00bboff\u00bb border_color=\u00bb#ffffff\u00bb border_style=\u00bbsolid\u00bb]<\/p>\n<h2>Talleres<\/h2>\n<ul>\n<li><a href=\"http:\/\/www.alphaares.com\/es\/2016\/10\/06\/taller-aplicacion-calcas\/\">Taller de aplicaci\u00f3n de calcas<\/a>\u00a0a cargo\u00a0de Carlos Vicente, 11.00-12.30 horas<\/li>\n<li>Taller de pintura de miniaturas de 28 mm a cargo\u00a0de Joan Carles Ros, 12.30-14.00 horas<\/li>\n<li><a href=\"http:\/\/www.alphaares.com\/es\/2016\/10\/15\/taller-edificios-alpha-ares-2016\/\">Taller de escenograf\u00eda en 28 mm<\/a> a cargo\u00a0de Carles Elias, 16.30-18 horas<\/li>\n<\/ul>\n<h2>Concursos<\/h2>\n<ul>\n<li>I Concurso de Escenograf\u00eda y Dioramas Estaliawargames \u00a0<a href=\"http:\/\/www.alphaares.com\/wp-content\/uploads\/2016\/09\/I-concurso-de-escenografia-y-dioramas-1.pdf\">Bases<\/a><\/li>\n<li>VIII Concurso de Pintura de Miniaturas Alpha Ares <a href=\"http:\/\/www.alphaares.com\/wp-content\/uploads\/2016\/09\/Concurso-de-pintura-2016.pdf\">Bases<\/a><\/li>\n<\/ul>\n<p>[\/et_pb_text][\/et_pb_column][\/et_pb_row][et_pb_row admin_label=\u00bbRow\u00bb][et_pb_column type=\u00bb4_4&#8243;][et_pb_gallery admin_label=\u00bbGallery\u00bb gallery_ids=\u00bb2490,2491,2492,2493,2494,2495,2496,2497,2498,2499,2500,2501,2502,2503,2504,2505,2506,2507,2508,2509,2510,2511&#8243; fullwidth=\u00bboff\u00bb show_title_and_caption=\u00bbon\u00bb show_pagination=\u00bbon\u00bb background_layout=\u00bblight\u00bb auto=\u00bboff\u00bb hover_overlay_color=\u00bbrgba(255,255,255,0.9)\u00bb caption_all_caps=\u00bboff\u00bb use_border_color=\u00bboff\u00bb border_color=\u00bb#ffffff\u00bb border_style=\u00bbsolid\u00bb] [\/et_pb_gallery][\/et_pb_column][\/et_pb_row][et_pb_row admin_label=\u00bbRow\u00bb][et_pb_column type=\u00bb1_3&#8243;][et_pb_text admin_label=\u00bbText\u00bb background_layout=\u00bblight\u00bb text_orientation=\u00bbleft\u00bb use_border_color=\u00bboff\u00bb border_color=\u00bb#ffffff\u00bb border_style=\u00bbsolid\u00bb]<\/p>\n<h2>Tiendas<\/h2>\n<ul>\n<li>Consulta el <a href=\"http:\/\/www.alphaares.com\/es\/jornadas\/jornadas-wargames-barcelona-2016\/listado-tiendas\/\">listado completo de tiendas<\/a>\u00a0que encontrar\u00e1s\u00a0en Alpha Ares\u00a02016\n<div class=\"traductor-checkbox form-group\"><\/div>\n<\/li>\n<\/ul>\n<p>[\/et_pb_text][\/et_pb_column][et_pb_column type=\u00bb1_3&#8243;][et_pb_text admin_label=\u00bbText\u00bb background_layout=\u00bblight\u00bb text_orientation=\u00bbleft\u00bb use_border_color=\u00bboff\u00bb border_color=\u00bb#ffffff\u00bb border_style=\u00bbsolid\u00bb]<\/p>\n<h2>Mercadillo de segunda mano<\/h2>\n<ul>\n<li>Si quieres traer cosas al mercadillo de segunda mano, \u00a1nosotros te las vendemos! Solo has de rellenar esta <a href=\"http:\/\/www.alphaares.com\/wp-content\/uploads\/2016\/09\/Mercat-segona-ma-Jornades-Alphaares-2016.pdf\">hoja de inscripci\u00f3n<\/a>\n<div class=\"traductor-checkbox form-group\"><\/div>\n<\/li>\n<\/ul>\n<p>[\/et_pb_text][\/et_pb_column][et_pb_column type=\u00bb1_3&#8243;][et_pb_text admin_label=\u00bbText\u00bb background_layout=\u00bblight\u00bb text_orientation=\u00bbleft\u00bb use_border_color=\u00bboff\u00bb border_color=\u00bb#ffffff\u00bb border_style=\u00bbsolid\u00bb]<\/p>\n<h2>Colaboradores<\/h2>\n<ul>\n<li>\n<div class=\"traductor-textarea form-group\">\n<div class=\"textarea-desti col-xs-12 col-sm-6\">\n<div class=\"form-control second-textarea\">Listado\u00a0de <a href=\"http:\/\/www.alphaares.com\/es\/jornadas\/jornadas-wargames-barcelona-2016\/listado-colaboradores\/\">Colaboradores<\/a>\u00a0Alpha Ares\u00a02016<\/div>\n<\/div>\n<\/div>\n<div class=\"traductor-checkbox form-group\"><\/div>\n<\/li>\n<\/ul>\n<p>[\/et_pb_text][\/et_pb_column][\/et_pb_row][\/et_pb_section][et_pb_section admin_label=\u00bbsection\u00bb][et_pb_row admin_label=\u00bbrow\u00bb][et_pb_column type=\u00bb1_2&#8243;][et_pb_text admin_label=\u00bbText\u00bb background_layout=\u00bblight\u00bb text_orientation=\u00bbleft\u00bb use_border_color=\u00bboff\u00bb border_color=\u00bb#ffffff\u00bb border_style=\u00bbsolid\u00bb]<\/p>\n<h2>INFORMACI\u00d3N PR\u00c1CTICA<\/h2>\n<p>S\u00e1bado\u00a022 de octubre, de 9 a 20 horas<\/p>\n<p>Cotxeres de Sants, carrer de Sants 79, Metro Pla\u00e7a de Sants (Barcelona)<\/p>\n<p>Entrada gratuita<\/p>\n<p>Email de <a href=\"mailto:jornades@alphaares.com\">contacto<\/a><\/p>\n<p>\u00a1S\u00edguenos en\u00a0<a href=\"https:\/\/www.facebook.com\/Alpha-Ares-Jornades-dEstrat%C3%A8gia-Simulaci%C3%B3-i-Miniatures-140511586012287\/timeline\/\">Facebook!<\/a><\/p>\n<p>[\/et_pb_text][\/et_pb_column][et_pb_column type=\u00bb1_2&#8243;][et_pb_map admin_label=\u00bbMap\u00bb address=\u00bbCarrer de Sants, 79, 08014 Barcelona, Espa\u00f1a\u00bb address_lat=\u00bb41.3752708&#8243; address_lng=\u00bb2.136894100000063&#8243; mouse_wheel=\u00bbon\u00bb use_grayscale_filter=\u00bboff\u00bb] [\/et_pb_map][\/et_pb_column][\/et_pb_row][\/et_pb_section]<\/p>\n","protected":false},"excerpt":{"rendered":"<p>Jornades wargames simulaci\u00f3 miniatures Alpha Ares Barcelona <\/p>\n","protected":false},"author":3,"featured_media":0,"parent":39,"menu_order":0,"comment_status":"closed","ping_status":"closed","template":"","meta":{"_acf_changed":false,"_et_pb_use_builder":"on","_et_pb_old_content":"","_et_gb_content_width":"","footnotes":""},"class_list":["post-2006","page","type-page","status-publish","hentry"],"acf":[],"yoast_head":"<!-- This site is optimized with the Yoast SEO plugin v27.4 - https:\/\/yoast.com\/product\/yoast-seo-wordpress\/ -->\n<title>JORNADAS DE WARGAMES ALPHA ARES 2016 - Alpha Ares<\/title>\n<meta name=\"description\" content=\"Jornadas de wargames, estrategia, simulaci\u00f3n y miniaturas. Historia, Fantas\u00eda y Ciencia Ficci\u00f3n. Cocheras de Sants Barcelona\" \/>\n<meta name=\"robots\" content=\"index, follow, max-snippet:-1, max-image-preview:large, max-video-preview:-1\" \/>\n<link rel=\"canonical\" href=\"https:\/\/www.alphaares.com\/es\/jornadas\/jornadas-wargames-barcelona-2016\/\" \/>\n<meta property=\"og:locale\" content=\"es_ES\" \/>\n<meta property=\"og:type\" content=\"article\" \/>\n<meta property=\"og:title\" content=\"JORNADAS DE WARGAMES ALPHA ARES 2016 - Alpha Ares\" \/>\n<meta property=\"og:description\" content=\"Jornadas de wargames, estrategia, simulaci\u00f3n y miniaturas. Historia, Fantas\u00eda y Ciencia Ficci\u00f3n. Cocheras de Sants Barcelona\" \/>\n<meta property=\"og:url\" content=\"https:\/\/www.alphaares.com\/es\/jornadas\/jornadas-wargames-barcelona-2016\/\" \/>\n<meta property=\"og:site_name\" content=\"Alpha Ares\" \/>\n<meta property=\"article:modified_time\" content=\"2016-11-01T09:47:49+00:00\" \/>\n<meta name=\"twitter:card\" content=\"summary_large_image\" \/>\n<meta name=\"twitter:label1\" content=\"Tiempo de lectura\" \/>\n\t<meta name=\"twitter:data1\" content=\"6 minutos\" \/>\n<script type=\"application\/ld+json\" class=\"yoast-schema-graph\">{\"@context\":\"https:\\\/\\\/schema.org\",\"@graph\":[{\"@type\":\"WebPage\",\"@id\":\"https:\\\/\\\/www.alphaares.com\\\/es\\\/jornadas\\\/jornadas-wargames-barcelona-2016\\\/\",\"url\":\"https:\\\/\\\/www.alphaares.com\\\/es\\\/jornadas\\\/jornadas-wargames-barcelona-2016\\\/\",\"name\":\"JORNADAS DE WARGAMES ALPHA ARES 2016 - Alpha Ares\",\"isPartOf\":{\"@id\":\"https:\\\/\\\/www.alphaares.com\\\/es\\\/#website\"},\"datePublished\":\"2016-09-18T07:56:37+00:00\",\"dateModified\":\"2016-11-01T09:47:49+00:00\",\"description\":\"Jornadas de wargames, estrategia, simulaci\u00f3n y miniaturas. Historia, Fantas\u00eda y Ciencia Ficci\u00f3n. Cocheras de Sants Barcelona\",\"breadcrumb\":{\"@id\":\"https:\\\/\\\/www.alphaares.com\\\/es\\\/jornadas\\\/jornadas-wargames-barcelona-2016\\\/#breadcrumb\"},\"inLanguage\":\"es\",\"potentialAction\":[{\"@type\":\"ReadAction\",\"target\":[\"https:\\\/\\\/www.alphaares.com\\\/es\\\/jornadas\\\/jornadas-wargames-barcelona-2016\\\/\"]}]},{\"@type\":\"BreadcrumbList\",\"@id\":\"https:\\\/\\\/www.alphaares.com\\\/es\\\/jornadas\\\/jornadas-wargames-barcelona-2016\\\/#breadcrumb\",\"itemListElement\":[{\"@type\":\"ListItem\",\"position\":1,\"name\":\"Portada\",\"item\":\"https:\\\/\\\/www.alphaares.com\\\/\"},{\"@type\":\"ListItem\",\"position\":2,\"name\":\"Jornadas\",\"item\":\"https:\\\/\\\/www.alphaares.com\\\/es\\\/jornadas\\\/\"},{\"@type\":\"ListItem\",\"position\":3,\"name\":\"JORNADAS DE WARGAMES ALPHA ARES 2016\"}]},{\"@type\":\"WebSite\",\"@id\":\"https:\\\/\\\/www.alphaares.com\\\/es\\\/#website\",\"url\":\"https:\\\/\\\/www.alphaares.com\\\/es\\\/\",\"name\":\"Alpha Ares\",\"description\":\"\u00a0\",\"potentialAction\":[{\"@type\":\"SearchAction\",\"target\":{\"@type\":\"EntryPoint\",\"urlTemplate\":\"https:\\\/\\\/www.alphaares.com\\\/es\\\/?s={search_term_string}\"},\"query-input\":{\"@type\":\"PropertyValueSpecification\",\"valueRequired\":true,\"valueName\":\"search_term_string\"}}],\"inLanguage\":\"es\"}]}<\/script>\n<!-- \/ Yoast SEO plugin. -->","yoast_head_json":{"title":"JORNADAS DE WARGAMES ALPHA ARES 2016 - Alpha Ares","description":"Jornadas de wargames, estrategia, simulaci\u00f3n y miniaturas. Historia, Fantas\u00eda y Ciencia Ficci\u00f3n. Cocheras de Sants Barcelona","robots":{"index":"index","follow":"follow","max-snippet":"max-snippet:-1","max-image-preview":"max-image-preview:large","max-video-preview":"max-video-preview:-1"},"canonical":"https:\/\/www.alphaares.com\/es\/jornadas\/jornadas-wargames-barcelona-2016\/","og_locale":"es_ES","og_type":"article","og_title":"JORNADAS DE WARGAMES ALPHA ARES 2016 - Alpha Ares","og_description":"Jornadas de wargames, estrategia, simulaci\u00f3n y miniaturas. Historia, Fantas\u00eda y Ciencia Ficci\u00f3n. Cocheras de Sants Barcelona","og_url":"https:\/\/www.alphaares.com\/es\/jornadas\/jornadas-wargames-barcelona-2016\/","og_site_name":"Alpha Ares","article_modified_time":"2016-11-01T09:47:49+00:00","twitter_card":"summary_large_image","twitter_misc":{"Tiempo de lectura":"6 minutos"},"schema":{"@context":"https:\/\/schema.org","@graph":[{"@type":"WebPage","@id":"https:\/\/www.alphaares.com\/es\/jornadas\/jornadas-wargames-barcelona-2016\/","url":"https:\/\/www.alphaares.com\/es\/jornadas\/jornadas-wargames-barcelona-2016\/","name":"JORNADAS DE WARGAMES ALPHA ARES 2016 - Alpha Ares","isPartOf":{"@id":"https:\/\/www.alphaares.com\/es\/#website"},"datePublished":"2016-09-18T07:56:37+00:00","dateModified":"2016-11-01T09:47:49+00:00","description":"Jornadas de wargames, estrategia, simulaci\u00f3n y miniaturas. Historia, Fantas\u00eda y Ciencia Ficci\u00f3n. Cocheras de Sants Barcelona","breadcrumb":{"@id":"https:\/\/www.alphaares.com\/es\/jornadas\/jornadas-wargames-barcelona-2016\/#breadcrumb"},"inLanguage":"es","potentialAction":[{"@type":"ReadAction","target":["https:\/\/www.alphaares.com\/es\/jornadas\/jornadas-wargames-barcelona-2016\/"]}]},{"@type":"BreadcrumbList","@id":"https:\/\/www.alphaares.com\/es\/jornadas\/jornadas-wargames-barcelona-2016\/#breadcrumb","itemListElement":[{"@type":"ListItem","position":1,"name":"Portada","item":"https:\/\/www.alphaares.com\/"},{"@type":"ListItem","position":2,"name":"Jornadas","item":"https:\/\/www.alphaares.com\/es\/jornadas\/"},{"@type":"ListItem","position":3,"name":"JORNADAS DE WARGAMES ALPHA ARES 2016"}]},{"@type":"WebSite","@id":"https:\/\/www.alphaares.com\/es\/#website","url":"https:\/\/www.alphaares.com\/es\/","name":"Alpha Ares","description":"\u00a0","potentialAction":[{"@type":"SearchAction","target":{"@type":"EntryPoint","urlTemplate":"https:\/\/www.alphaares.com\/es\/?s={search_term_string}"},"query-input":{"@type":"PropertyValueSpecification","valueRequired":true,"valueName":"search_term_string"}}],"inLanguage":"es"}]}},"_links":{"self":[{"href":"https:\/\/www.alphaares.com\/es\/wp-json\/wp\/v2\/pages\/2006","targetHints":{"allow":["GET"]}}],"collection":[{"href":"https:\/\/www.alphaares.com\/es\/wp-json\/wp\/v2\/pages"}],"about":[{"href":"https:\/\/www.alphaares.com\/es\/wp-json\/wp\/v2\/types\/page"}],"author":[{"embeddable":true,"href":"https:\/\/www.alphaares.com\/es\/wp-json\/wp\/v2\/users\/3"}],"replies":[{"embeddable":true,"href":"https:\/\/www.alphaares.com\/es\/wp-json\/wp\/v2\/comments?post=2006"}],"version-history":[{"count":5,"href":"https:\/\/www.alphaares.com\/es\/wp-json\/wp\/v2\/pages\/2006\/revisions"}],"predecessor-version":[{"id":2567,"href":"https:\/\/www.alphaares.com\/es\/wp-json\/wp\/v2\/pages\/2006\/revisions\/2567"}],"up":[{"embeddable":true,"href":"https:\/\/www.alphaares.com\/es\/wp-json\/wp\/v2\/pages\/39"}],"wp:attachment":[{"href":"https:\/\/www.alphaares.com\/es\/wp-json\/wp\/v2\/media?parent=2006"}],"curies":[{"name":"wp","href":"https:\/\/api.w.org\/{rel}","templated":true}]}}