{"id":11188,"date":"2026-04-02T19:28:42","date_gmt":"2026-04-02T17:28:42","guid":{"rendered":"https:\/\/www.alphaares.com\/?page_id=11188"},"modified":"2026-04-03T13:19:29","modified_gmt":"2026-04-03T11:19:29","slug":"politica-de-privacitat","status":"publish","type":"page","link":"https:\/\/www.alphaares.com\/es\/politica-de-privacitat\/","title":{"rendered":"Pol\u00edtica de Privacidad"},"content":{"rendered":"\n<p><strong>El titular responsable del tratamiento de los datos recogidos en esta web es:<\/strong><strong><\/strong><\/p>\n\n\n\n<ul class=\"wp-block-list\">\n<li><em>Denominaci\u00f3n social:<\/em> ALPHA DE BARCELONA<\/li>\n\n\n\n<li>Domicilio: Carrer \u00c0laba 51 planta 1, Puerta 7 (Barcelona)<\/li>\n\n\n\n<li>CIF: G58315250<\/li>\n\n\n\n<li>Registro de Asociaciones de la Generalitat de Catalunya n\u00fam. 8678, de la secci\u00f3 1a del Registre de Barcelona<\/li>\n\n\n\n<li>Delegado de protecci\u00f3n de datos: alphaaresp@gmail.com<\/li>\n<\/ul>\n\n\n\n<p><strong><em>Datos recogidos por el bolet\u00edn<\/em><\/strong><\/p>\n\n\n\n<p><em>Los datos personales que nos facilites al suscribirte a nuestro bolet\u00edn se tratar\u00e1n \u00fanicamente a efectos de enviarte esta comunicaci\u00f3n peri\u00f3dica, y ser\u00e1n conservados mientras no te des de baja del bolet\u00edn (de la manera indicada en cada bolet\u00edn o enviando un correo electr\u00f3nico a<\/em>alphaaresp@gmail.com<em>).<\/em><\/p>\n\n\n\n<p><strong><em>Datos recogidos en el formulario de contacto<\/em><\/strong><\/p>\n\n\n\n<p><em>Los datos personales que nos facilites en el formulario de contacto se tratar\u00e1n \u00fanicamente para darte respuesta, y ser\u00e1n eliminados una vez atendida tu solicitud.<\/em><\/p>\n\n\n\n<p><strong><em>Derechos relativos a los datos personales<\/em><\/strong><\/p>\n\n\n\n<ul class=\"wp-block-list\">\n<li><em>Derecho de acceso, rectificaci\u00f3n y supresi\u00f3n: las personas interesadas tienen derecho de acceder a sus datos personales, as\u00ed como a solicitar la rectificaci\u00f3n de los datos inexactos o, en su caso, solicitar su supresi\u00f3n.<\/em><\/li>\n\n\n\n<li><em>Derecho a la limitaci\u00f3n del tratamiento: en determinadas circunstancias, podr\u00e1s solicitar la limitaci\u00f3n del tratamiento de tus datos, en cuyo caso \u00fanicamente se conservar\u00e1n para el ejercicio o la defensa de reclamaciones.<\/em><\/li>\n\n\n\n<li><em>Derecho de oposici\u00f3n al tratamiento: en determinadas circunstancias, podr\u00e1s oponerte al tratamiento de tus datos. <\/em>El club Alpha Ares <em>dejar\u00e1 de tratar los datos, excepto por motivos leg\u00edtimos imperiosos, o el ejercicio o la defensa de posibles reclamaciones.<\/em><\/li>\n\n\n\n<li><em>Derecho a la portabilidad de los datos: tendr\u00e1s derecho a recibir los datos personales que te incumban, que hayas facilitado <\/em>al club Alpha Ares<em>, en un formato estructurado, de uso com\u00fan y lectura mec\u00e1nica cuando: a) el tratamiento est\u00e9 basado en el consentimiento o en un contrato, y b) el tratamiento se efect\u00fae por medios automatizados.<\/em><\/li>\n\n\n\n<li><em>Derecho a reclamar ante la autoridad de control: te informamos de tu derecho a presentar una reclamaci\u00f3n ante la autoridad de control (AEPD \u2013 <\/em><a href=\"http:\/\/www.aepd.es\/\"><em>www.aepd.es<\/em><\/a><em>) en caso de que no se haya satisfecho el ejercicio de tus derechos aqu\u00ed indicados.<\/em><\/li>\n<\/ul>\n\n\n\n<p><em>Para ejercer los derechos mencionados puedes ponerte en contacto con nosotros a trav\u00e9s del correo postal o electr\u00f3nico en las direcciones indicadas al inicio de esta p\u00e1gina, identificando en tu solicitud la siguiente informaci\u00f3n:<\/em><\/p>\n\n\n\n<ul class=\"wp-block-list\">\n<li><em>Datos de la persona solicitante (nombre y apellidos).<\/em><\/li>\n\n\n\n<li><em>Direcci\u00f3n de contacto.<\/em><\/li>\n\n\n\n<li><em>Derecho que quieres ejercer.<\/em><\/li>\n\n\n\n<li><em>Datos concretos sobre los que formulas la petici\u00f3n.<\/em><\/li>\n<\/ul>\n\n\n\n<p><em>En el plazo m\u00e1ximo de un mes resolveremos tu solicitud y te lo notificaremos a trav\u00e9s del mismo medio que hayas usado inicialmente.<\/em><\/p>\n\n\n\n<p><strong><em>Seguridad de los datos<\/em><\/strong><\/p>\n\n\n\n<p><em>Teniendo en cuenta el estado de la t\u00e9cnica, los costes de aplicaci\u00f3n, y la naturaleza, el alcance, el contexto y las finalidades del tratamiento, as\u00ed como los riesgos de probabilidad y gravedad variables para los derechos y libertades de las personas f\u00edsicas,<\/em>el club Alpha Ares <em>aplicar\u00e1 medidas t\u00e9cnicas y organizativas apropiadas para garantizar un nivel de seguridad adecuado al riesgo,&nbsp; que eviten la destrucci\u00f3n, p\u00e9rdida o alteraci\u00f3n accidental o il\u00edcita de datos personales transmitidos, conservados o tratados de otra forma, o la comunicaci\u00f3n o acceso no autorizados a estos datos.<\/em><\/p>\n\n\n\n<p><strong><em>Actualizaciones y cambios en la pol\u00edtica de privacidad<\/em><\/strong><\/p>\n\n\n\n<p>El club Alpha Ares <em>puede modificar esta Pol\u00edtica de Privacidad en funci\u00f3n de exigencias legislativas o reglamentarias, o con la finalidad de adaptarla a las instrucciones de la Agencia Espa\u00f1ola de Protecci\u00f3n de Datos. Se recomienda a los usuarios revisarla peri\u00f3dicamente. Cuando se produzcan cambios significativos en esta pol\u00edtica, se comunicar\u00e1n a los usuarios mediante la web o por correo electr\u00f3nico a los usuarios registrados.<\/em><\/p>\n","protected":false},"excerpt":{"rendered":"<p>El titular responsable del tratamiento de los datos recogidos en esta web es: Datos recogidos por el bolet\u00edn Los datos personales que nos facilites al suscribirte a nuestro bolet\u00edn se [&hellip;]<\/p>\n","protected":false},"author":3,"featured_media":0,"parent":0,"menu_order":0,"comment_status":"closed","ping_status":"closed","template":"","meta":{"_acf_changed":false,"_et_pb_use_builder":"off","_et_pb_old_content":"","_et_gb_content_width":"","footnotes":""},"class_list":["post-11188","page","type-page","status-publish","hentry"],"acf":[],"yoast_head":"<!-- This site is optimized with the Yoast SEO plugin v27.4 - https:\/\/yoast.com\/product\/yoast-seo-wordpress\/ -->\n<title>Pol\u00edtica de Privacidad - Alpha Ares<\/title>\n<meta name=\"robots\" content=\"index, follow, max-snippet:-1, max-image-preview:large, max-video-preview:-1\" \/>\n<link rel=\"canonical\" href=\"https:\/\/www.alphaares.com\/es\/politica-de-privacitat\/\" \/>\n<meta property=\"og:locale\" content=\"es_ES\" \/>\n<meta property=\"og:type\" content=\"article\" \/>\n<meta property=\"og:title\" content=\"Pol\u00edtica de Privacidad - Alpha Ares\" \/>\n<meta property=\"og:description\" content=\"El titular responsable del tratamiento de los datos recogidos en esta web es: Datos recogidos por el bolet\u00edn Los datos personales que nos facilites al suscribirte a nuestro bolet\u00edn se [&hellip;]\" \/>\n<meta property=\"og:url\" content=\"https:\/\/www.alphaares.com\/es\/politica-de-privacitat\/\" \/>\n<meta property=\"og:site_name\" content=\"Alpha Ares\" \/>\n<meta property=\"article:modified_time\" content=\"2026-04-03T11:19:29+00:00\" \/>\n<meta name=\"twitter:card\" content=\"summary_large_image\" \/>\n<meta name=\"twitter:label1\" content=\"Tiempo de lectura\" \/>\n\t<meta name=\"twitter:data1\" content=\"4 minutos\" \/>\n<script type=\"application\/ld+json\" class=\"yoast-schema-graph\">{\"@context\":\"https:\\\/\\\/schema.org\",\"@graph\":[{\"@type\":\"WebPage\",\"@id\":\"https:\\\/\\\/www.alphaares.com\\\/es\\\/politica-de-privacitat\\\/\",\"url\":\"https:\\\/\\\/www.alphaares.com\\\/es\\\/politica-de-privacitat\\\/\",\"name\":\"Pol\u00edtica de Privacidad - Alpha Ares\",\"isPartOf\":{\"@id\":\"https:\\\/\\\/www.alphaares.com\\\/es\\\/#website\"},\"datePublished\":\"2026-04-02T17:28:42+00:00\",\"dateModified\":\"2026-04-03T11:19:29+00:00\",\"breadcrumb\":{\"@id\":\"https:\\\/\\\/www.alphaares.com\\\/es\\\/politica-de-privacitat\\\/#breadcrumb\"},\"inLanguage\":\"es\",\"potentialAction\":[{\"@type\":\"ReadAction\",\"target\":[\"https:\\\/\\\/www.alphaares.com\\\/es\\\/politica-de-privacitat\\\/\"]}]},{\"@type\":\"BreadcrumbList\",\"@id\":\"https:\\\/\\\/www.alphaares.com\\\/es\\\/politica-de-privacitat\\\/#breadcrumb\",\"itemListElement\":[{\"@type\":\"ListItem\",\"position\":1,\"name\":\"Portada\",\"item\":\"https:\\\/\\\/www.alphaares.com\\\/\"},{\"@type\":\"ListItem\",\"position\":2,\"name\":\"Pol\u00edtica de Privacidad\"}]},{\"@type\":\"WebSite\",\"@id\":\"https:\\\/\\\/www.alphaares.com\\\/es\\\/#website\",\"url\":\"https:\\\/\\\/www.alphaares.com\\\/es\\\/\",\"name\":\"Alpha Ares\",\"description\":\"\u00a0\",\"potentialAction\":[{\"@type\":\"SearchAction\",\"target\":{\"@type\":\"EntryPoint\",\"urlTemplate\":\"https:\\\/\\\/www.alphaares.com\\\/es\\\/?s={search_term_string}\"},\"query-input\":{\"@type\":\"PropertyValueSpecification\",\"valueRequired\":true,\"valueName\":\"search_term_string\"}}],\"inLanguage\":\"es\"}]}<\/script>\n<!-- \/ Yoast SEO plugin. -->","yoast_head_json":{"title":"Pol\u00edtica de Privacidad - Alpha Ares","robots":{"index":"index","follow":"follow","max-snippet":"max-snippet:-1","max-image-preview":"max-image-preview:large","max-video-preview":"max-video-preview:-1"},"canonical":"https:\/\/www.alphaares.com\/es\/politica-de-privacitat\/","og_locale":"es_ES","og_type":"article","og_title":"Pol\u00edtica de Privacidad - Alpha Ares","og_description":"El titular responsable del tratamiento de los datos recogidos en esta web es: Datos recogidos por el bolet\u00edn Los datos personales que nos facilites al suscribirte a nuestro bolet\u00edn se [&hellip;]","og_url":"https:\/\/www.alphaares.com\/es\/politica-de-privacitat\/","og_site_name":"Alpha Ares","article_modified_time":"2026-04-03T11:19:29+00:00","twitter_card":"summary_large_image","twitter_misc":{"Tiempo de lectura":"4 minutos"},"schema":{"@context":"https:\/\/schema.org","@graph":[{"@type":"WebPage","@id":"https:\/\/www.alphaares.com\/es\/politica-de-privacitat\/","url":"https:\/\/www.alphaares.com\/es\/politica-de-privacitat\/","name":"Pol\u00edtica de Privacidad - Alpha Ares","isPartOf":{"@id":"https:\/\/www.alphaares.com\/es\/#website"},"datePublished":"2026-04-02T17:28:42+00:00","dateModified":"2026-04-03T11:19:29+00:00","breadcrumb":{"@id":"https:\/\/www.alphaares.com\/es\/politica-de-privacitat\/#breadcrumb"},"inLanguage":"es","potentialAction":[{"@type":"ReadAction","target":["https:\/\/www.alphaares.com\/es\/politica-de-privacitat\/"]}]},{"@type":"BreadcrumbList","@id":"https:\/\/www.alphaares.com\/es\/politica-de-privacitat\/#breadcrumb","itemListElement":[{"@type":"ListItem","position":1,"name":"Portada","item":"https:\/\/www.alphaares.com\/"},{"@type":"ListItem","position":2,"name":"Pol\u00edtica de Privacidad"}]},{"@type":"WebSite","@id":"https:\/\/www.alphaares.com\/es\/#website","url":"https:\/\/www.alphaares.com\/es\/","name":"Alpha Ares","description":"\u00a0","potentialAction":[{"@type":"SearchAction","target":{"@type":"EntryPoint","urlTemplate":"https:\/\/www.alphaares.com\/es\/?s={search_term_string}"},"query-input":{"@type":"PropertyValueSpecification","valueRequired":true,"valueName":"search_term_string"}}],"inLanguage":"es"}]}},"_links":{"self":[{"href":"https:\/\/www.alphaares.com\/es\/wp-json\/wp\/v2\/pages\/11188","targetHints":{"allow":["GET"]}}],"collection":[{"href":"https:\/\/www.alphaares.com\/es\/wp-json\/wp\/v2\/pages"}],"about":[{"href":"https:\/\/www.alphaares.com\/es\/wp-json\/wp\/v2\/types\/page"}],"author":[{"embeddable":true,"href":"https:\/\/www.alphaares.com\/es\/wp-json\/wp\/v2\/users\/3"}],"replies":[{"embeddable":true,"href":"https:\/\/www.alphaares.com\/es\/wp-json\/wp\/v2\/comments?post=11188"}],"version-history":[{"count":4,"href":"https:\/\/www.alphaares.com\/es\/wp-json\/wp\/v2\/pages\/11188\/revisions"}],"predecessor-version":[{"id":11213,"href":"https:\/\/www.alphaares.com\/es\/wp-json\/wp\/v2\/pages\/11188\/revisions\/11213"}],"wp:attachment":[{"href":"https:\/\/www.alphaares.com\/es\/wp-json\/wp\/v2\/media?parent=11188"}],"curies":[{"name":"wp","href":"https:\/\/api.w.org\/{rel}","templated":true}]}}